{"id":9442,"date":"2025-12-11T15:01:44","date_gmt":"2025-12-11T14:01:44","guid":{"rendered":"https:\/\/esprit-lumieres.com\/?post_type=product&#038;p=9442"},"modified":"2025-12-11T15:01:44","modified_gmt":"2025-12-11T14:01:44","slug":"abat-jour-pagode-bi-matiere-40-cm-deux-pieces-disponibles","status":"publish","type":"product","link":"https:\/\/esprit-lumieres.com\/index.php\/product\/abat-jour-pagode-bi-matiere-40-cm-deux-pieces-disponibles\/","title":{"rendered":"abat-jour pagode bi mati\u00e8re, 40 cm, deux pi\u00e8ces disponibles"},"content":{"rendered":"<p>Abat-jour pagode tissu ancien anglais, les cot\u00e9s sont r\u00e9alis\u00e9s en rabane vert clair.<\/p>\n<p>deux pi\u00e8ces disponibles<\/p>\n<p>longueur : 40 cm<\/p>\n<p>Frais de port<br \/>\n13 euros en colissimo, 7 euros en relais<\/p>\n<p>&nbsp;<\/p>\n","protected":false},"excerpt":{"rendered":"<p>Abat-jour pagode tissu ancien anglais, les cot\u00e9s sont r\u00e9alis\u00e9s en rabane vert clair. deux pi\u00e8ces disponibles longueur : 40 cm Frais de port 13 euros en colissimo, 7 euros en relais &nbsp;<\/p>\n","protected":false},"featured_media":9447,"comment_status":"open","ping_status":"closed","template":"","meta":[],"product_brand":[],"product_cat":[18],"product_tag":[],"class_list":{"0":"post-9442","1":"product","2":"type-product","3":"status-publish","4":"has-post-thumbnail","6":"product_cat-appliques","8":"first","9":"instock","10":"shipping-taxable","11":"product-type-simple"},"_links":{"self":[{"href":"https:\/\/esprit-lumieres.com\/index.php\/wp-json\/wp\/v2\/product\/9442","targetHints":{"allow":["GET"]}}],"collection":[{"href":"https:\/\/esprit-lumieres.com\/index.php\/wp-json\/wp\/v2\/product"}],"about":[{"href":"https:\/\/esprit-lumieres.com\/index.php\/wp-json\/wp\/v2\/types\/product"}],"replies":[{"embeddable":true,"href":"https:\/\/esprit-lumieres.com\/index.php\/wp-json\/wp\/v2\/comments?post=9442"}],"wp:featuredmedia":[{"embeddable":true,"href":"https:\/\/esprit-lumieres.com\/index.php\/wp-json\/wp\/v2\/media\/9447"}],"wp:attachment":[{"href":"https:\/\/esprit-lumieres.com\/index.php\/wp-json\/wp\/v2\/media?parent=9442"}],"wp:term":[{"taxonomy":"product_brand","embeddable":true,"href":"https:\/\/esprit-lumieres.com\/index.php\/wp-json\/wp\/v2\/product_brand?post=9442"},{"taxonomy":"product_cat","embeddable":true,"href":"https:\/\/esprit-lumieres.com\/index.php\/wp-json\/wp\/v2\/product_cat?post=9442"},{"taxonomy":"product_tag","embeddable":true,"href":"https:\/\/esprit-lumieres.com\/index.php\/wp-json\/wp\/v2\/product_tag?post=9442"}],"curies":[{"name":"wp","href":"https:\/\/api.w.org\/{rel}","templated":true}]}}