{"id":9380,"date":"2025-08-20T17:11:05","date_gmt":"2025-08-20T15:11:05","guid":{"rendered":"https:\/\/esprit-lumieres.com\/?post_type=product&#038;p=9380"},"modified":"2025-08-20T17:11:05","modified_gmt":"2025-08-20T15:11:05","slug":"tissu-indienne-oiseaux-multicolores-rouge-et-vert","status":"publish","type":"product","link":"https:\/\/esprit-lumieres.com\/index.php\/product\/tissu-indienne-oiseaux-multicolores-rouge-et-vert\/","title":{"rendered":"Tissu indienne oiseaux multicolores rouge et vert"},"content":{"rendered":"<p><strong>Tissu uniquement r\u00e9serv\u00e9 \u00e0 la confection d\u2019abat-jour<\/strong><\/p>\n<p>Laize de 110 cm<\/p>\n<p>Taille maxi pour un abat-jour tambour : 30 cm<\/p>\n","protected":false},"excerpt":{"rendered":"<p>Tissu uniquement r\u00e9serv\u00e9 \u00e0 la confection d\u2019abat-jour Laize de 110 cm Taille maxi pour un abat-jour tambour : 30 cm<\/p>\n","protected":false},"featured_media":9382,"comment_status":"open","ping_status":"closed","template":"","meta":[],"product_brand":[],"product_cat":[58,60,185],"product_tag":[],"class_list":{"0":"post-9380","1":"product","2":"type-product","3":"status-publish","4":"has-post-thumbnail","6":"product_cat-tissus","7":"product_cat-tissus-exotiques","8":"product_cat-tissus-fleuris","10":"first","11":"instock","12":"shipping-taxable","13":"product-type-simple"},"_links":{"self":[{"href":"https:\/\/esprit-lumieres.com\/index.php\/wp-json\/wp\/v2\/product\/9380","targetHints":{"allow":["GET"]}}],"collection":[{"href":"https:\/\/esprit-lumieres.com\/index.php\/wp-json\/wp\/v2\/product"}],"about":[{"href":"https:\/\/esprit-lumieres.com\/index.php\/wp-json\/wp\/v2\/types\/product"}],"replies":[{"embeddable":true,"href":"https:\/\/esprit-lumieres.com\/index.php\/wp-json\/wp\/v2\/comments?post=9380"}],"wp:featuredmedia":[{"embeddable":true,"href":"https:\/\/esprit-lumieres.com\/index.php\/wp-json\/wp\/v2\/media\/9382"}],"wp:attachment":[{"href":"https:\/\/esprit-lumieres.com\/index.php\/wp-json\/wp\/v2\/media?parent=9380"}],"wp:term":[{"taxonomy":"product_brand","embeddable":true,"href":"https:\/\/esprit-lumieres.com\/index.php\/wp-json\/wp\/v2\/product_brand?post=9380"},{"taxonomy":"product_cat","embeddable":true,"href":"https:\/\/esprit-lumieres.com\/index.php\/wp-json\/wp\/v2\/product_cat?post=9380"},{"taxonomy":"product_tag","embeddable":true,"href":"https:\/\/esprit-lumieres.com\/index.php\/wp-json\/wp\/v2\/product_tag?post=9380"}],"curies":[{"name":"wp","href":"https:\/\/api.w.org\/{rel}","templated":true}]}}