{"id":9280,"date":"2025-08-20T11:42:10","date_gmt":"2025-08-20T09:42:10","guid":{"rendered":"https:\/\/esprit-lumieres.com\/?post_type=product&#038;p=9280"},"modified":"2025-08-20T11:42:10","modified_gmt":"2025-08-20T09:42:10","slug":"tissu-manon-braquenie","status":"publish","type":"product","link":"https:\/\/esprit-lumieres.com\/index.php\/product\/tissu-manon-braquenie\/","title":{"rendered":"Tissu \u00ab\u00a0Manon\u00a0\u00bb Braqueni\u00e9"},"content":{"rendered":"<div class=\"woocommerce-tabs wc-tabs-wrapper\">\n<div id=\"tab-description\" class=\"woocommerce-Tabs-panel woocommerce-Tabs-panel--description panel entry-content wc-tab\" role=\"tabpanel\" aria-labelledby=\"tab-title-description\">\n<h4><strong>Ce tissu est uniquement r\u00e9serv\u00e9 \u00e0 la confection d\u2019abat-jour.<\/strong><\/h4>\n<p>diam\u00e8tre maxi pour un abat-jour tambour: 40 cm ou 45 cm avec raccord biais<\/p>\n<p>laize de 140 cm<\/p>\n<\/div>\n<\/div>\n<section class=\"related products\">\n<h2><\/h2>\n<\/section>\n","protected":false},"excerpt":{"rendered":"<p>Ce tissu est uniquement r\u00e9serv\u00e9 \u00e0 la confection d\u2019abat-jour. diam\u00e8tre maxi pour un abat-jour tambour: 40 cm ou 45 cm avec raccord biais laize de 140 cm<\/p>\n","protected":false},"featured_media":9287,"comment_status":"open","ping_status":"closed","template":"","meta":[],"product_brand":[],"product_cat":[223,58],"product_tag":[],"class_list":{"0":"post-9280","1":"product","2":"type-product","3":"status-publish","4":"has-post-thumbnail","6":"product_cat-coupons-tissus","7":"product_cat-tissus","9":"first","10":"instock","11":"shipping-taxable","12":"product-type-simple"},"_links":{"self":[{"href":"https:\/\/esprit-lumieres.com\/index.php\/wp-json\/wp\/v2\/product\/9280","targetHints":{"allow":["GET"]}}],"collection":[{"href":"https:\/\/esprit-lumieres.com\/index.php\/wp-json\/wp\/v2\/product"}],"about":[{"href":"https:\/\/esprit-lumieres.com\/index.php\/wp-json\/wp\/v2\/types\/product"}],"replies":[{"embeddable":true,"href":"https:\/\/esprit-lumieres.com\/index.php\/wp-json\/wp\/v2\/comments?post=9280"}],"wp:featuredmedia":[{"embeddable":true,"href":"https:\/\/esprit-lumieres.com\/index.php\/wp-json\/wp\/v2\/media\/9287"}],"wp:attachment":[{"href":"https:\/\/esprit-lumieres.com\/index.php\/wp-json\/wp\/v2\/media?parent=9280"}],"wp:term":[{"taxonomy":"product_brand","embeddable":true,"href":"https:\/\/esprit-lumieres.com\/index.php\/wp-json\/wp\/v2\/product_brand?post=9280"},{"taxonomy":"product_cat","embeddable":true,"href":"https:\/\/esprit-lumieres.com\/index.php\/wp-json\/wp\/v2\/product_cat?post=9280"},{"taxonomy":"product_tag","embeddable":true,"href":"https:\/\/esprit-lumieres.com\/index.php\/wp-json\/wp\/v2\/product_tag?post=9280"}],"curies":[{"name":"wp","href":"https:\/\/api.w.org\/{rel}","templated":true}]}}