{"id":8878,"date":"2024-10-22T13:16:59","date_gmt":"2024-10-22T11:16:59","guid":{"rendered":"https:\/\/esprit-lumieres.com\/?post_type=product&#038;p=8878"},"modified":"2024-10-22T13:18:08","modified_gmt":"2024-10-22T11:18:08","slug":"photophores-theme-noel","status":"publish","type":"product","link":"https:\/\/esprit-lumieres.com\/index.php\/product\/photophores-theme-noel\/","title":{"rendered":"Photophores th\u00e8me No\u00ebl"},"content":{"rendered":"<p><strong>Description :\u00a0<\/strong><br \/>\n3 s\u00e9ries \/ prix pour 1 photophore<\/p>\n<p>S\u00e9rie 1 Ecossais<br \/>\n&#8211; le traineau<br \/>\n&#8211; le sapin<br \/>\n&#8211; le manchon<br \/>\n&#8211; le g\u00e2teau<\/p>\n<p>S\u00e9rie 2 -enfants sur fond vert<br \/>\n&#8211; les cadeaux<br \/>\n&#8211; les sapins<br \/>\n&#8211; le panier garni<br \/>\n&#8211; la surprise<\/p>\n<p>S\u00e9rie 3 &#8211; couronne d&rsquo;enfants<\/p>\n<p>Chaque photophore est fourni avec une lampe LED (piles non fournies)<\/p>\n<p><strong>Dimensions<\/strong> :<br \/>\n12\/13 cm de hauteur, 9 cm de diam\u00e8tre<\/p>\n<p><strong>Frais de port :<\/strong><br \/>\n5 euros en relais shoptoshop Chronopost ou 8,80 euros en colissimo<\/p>\n","protected":false},"excerpt":{"rendered":"<p>Description :\u00a0 3 s\u00e9ries \/ prix pour 1 photophore S\u00e9rie 1 Ecossais &#8211; le traineau &#8211; le sapin &#8211; le manchon &#8211; le g\u00e2teau S\u00e9rie 2 -enfants sur fond vert &#8211; les cadeaux &#8211; les sapins &#8211; le panier garni &#8211; la surprise S\u00e9rie 3 &#8211; couronne d&rsquo;enfants Chaque photophore est fourni avec une lampe [&hellip;]<\/p>\n","protected":false},"featured_media":8880,"comment_status":"open","ping_status":"closed","template":"","meta":[],"product_brand":[],"product_cat":[21],"product_tag":[],"class_list":{"0":"post-8878","1":"product","2":"type-product","3":"status-publish","4":"has-post-thumbnail","6":"product_cat-luminaires","8":"first","9":"instock","10":"shipping-taxable","11":"purchasable","12":"product-type-simple"},"_links":{"self":[{"href":"https:\/\/esprit-lumieres.com\/index.php\/wp-json\/wp\/v2\/product\/8878","targetHints":{"allow":["GET"]}}],"collection":[{"href":"https:\/\/esprit-lumieres.com\/index.php\/wp-json\/wp\/v2\/product"}],"about":[{"href":"https:\/\/esprit-lumieres.com\/index.php\/wp-json\/wp\/v2\/types\/product"}],"replies":[{"embeddable":true,"href":"https:\/\/esprit-lumieres.com\/index.php\/wp-json\/wp\/v2\/comments?post=8878"}],"wp:featuredmedia":[{"embeddable":true,"href":"https:\/\/esprit-lumieres.com\/index.php\/wp-json\/wp\/v2\/media\/8880"}],"wp:attachment":[{"href":"https:\/\/esprit-lumieres.com\/index.php\/wp-json\/wp\/v2\/media?parent=8878"}],"wp:term":[{"taxonomy":"product_brand","embeddable":true,"href":"https:\/\/esprit-lumieres.com\/index.php\/wp-json\/wp\/v2\/product_brand?post=8878"},{"taxonomy":"product_cat","embeddable":true,"href":"https:\/\/esprit-lumieres.com\/index.php\/wp-json\/wp\/v2\/product_cat?post=8878"},{"taxonomy":"product_tag","embeddable":true,"href":"https:\/\/esprit-lumieres.com\/index.php\/wp-json\/wp\/v2\/product_tag?post=8878"}],"curies":[{"name":"wp","href":"https:\/\/api.w.org\/{rel}","templated":true}]}}