{"id":8868,"date":"2024-10-18T17:59:09","date_gmt":"2024-10-18T15:59:09","guid":{"rendered":"https:\/\/esprit-lumieres.com\/?post_type=product&#038;p=8868"},"modified":"2024-10-18T17:59:10","modified_gmt":"2024-10-18T15:59:10","slug":"photophores-de-lavent","status":"publish","type":"product","link":"https:\/\/esprit-lumieres.com\/index.php\/product\/photophores-de-lavent\/","title":{"rendered":"photophores de l&rsquo;Avent"},"content":{"rendered":"<p><strong>Description :\u00a0<\/strong><br \/>\n3 s\u00e9ries de 4 photophores pour les dimanches de l&rsquo;Avent<\/p>\n<p>S\u00e9rie 1 &#8211; \u00e9cossais<br \/>\nS\u00e9rie 2 -enfants sur fond vert<br \/>\nS\u00e9rie 3 &#8211; couronne d&rsquo;enfants<\/p>\n<p>Chaque photophore est fourni avec une lampe LED (piles non fournies)<\/p>\n<p><strong>Dimensions<\/strong> :<br \/>\n13 cm de hauteur, 9 cm de diam\u00e8tre<\/p>\n<p><strong>Frais de port :<\/strong><br \/>\n5 euros en relais shoptoshop Chronopost ou 8,80 euros en colissimo<\/p>\n","protected":false},"excerpt":{"rendered":"<p>Description :\u00a0 3 s\u00e9ries de 4 photophores pour les dimanches de l&rsquo;Avent S\u00e9rie 1 &#8211; \u00e9cossais S\u00e9rie 2 -enfants sur fond vert S\u00e9rie 3 &#8211; couronne d&rsquo;enfants Chaque photophore est fourni avec une lampe LED (piles non fournies) Dimensions : 13 cm de hauteur, 9 cm de diam\u00e8tre Frais de port : 5 euros en [&hellip;]<\/p>\n","protected":false},"featured_media":8876,"comment_status":"open","ping_status":"closed","template":"","meta":[],"product_brand":[],"product_cat":[21],"product_tag":[],"class_list":{"0":"post-8868","1":"product","2":"type-product","3":"status-publish","4":"has-post-thumbnail","6":"product_cat-luminaires","8":"first","9":"instock","10":"shipping-taxable","11":"purchasable","12":"product-type-simple"},"_links":{"self":[{"href":"https:\/\/esprit-lumieres.com\/index.php\/wp-json\/wp\/v2\/product\/8868","targetHints":{"allow":["GET"]}}],"collection":[{"href":"https:\/\/esprit-lumieres.com\/index.php\/wp-json\/wp\/v2\/product"}],"about":[{"href":"https:\/\/esprit-lumieres.com\/index.php\/wp-json\/wp\/v2\/types\/product"}],"replies":[{"embeddable":true,"href":"https:\/\/esprit-lumieres.com\/index.php\/wp-json\/wp\/v2\/comments?post=8868"}],"wp:featuredmedia":[{"embeddable":true,"href":"https:\/\/esprit-lumieres.com\/index.php\/wp-json\/wp\/v2\/media\/8876"}],"wp:attachment":[{"href":"https:\/\/esprit-lumieres.com\/index.php\/wp-json\/wp\/v2\/media?parent=8868"}],"wp:term":[{"taxonomy":"product_brand","embeddable":true,"href":"https:\/\/esprit-lumieres.com\/index.php\/wp-json\/wp\/v2\/product_brand?post=8868"},{"taxonomy":"product_cat","embeddable":true,"href":"https:\/\/esprit-lumieres.com\/index.php\/wp-json\/wp\/v2\/product_cat?post=8868"},{"taxonomy":"product_tag","embeddable":true,"href":"https:\/\/esprit-lumieres.com\/index.php\/wp-json\/wp\/v2\/product_tag?post=8868"}],"curies":[{"name":"wp","href":"https:\/\/api.w.org\/{rel}","templated":true}]}}