{"id":8843,"date":"2024-10-18T10:48:36","date_gmt":"2024-10-18T08:48:36","guid":{"rendered":"https:\/\/esprit-lumieres.com\/?post_type=product&#038;p=8843"},"modified":"2024-10-18T10:48:36","modified_gmt":"2024-10-18T08:48:36","slug":"tissu-toile-de-jouy-version-rose-fond-creme","status":"publish","type":"product","link":"https:\/\/esprit-lumieres.com\/index.php\/product\/tissu-toile-de-jouy-version-rose-fond-creme\/","title":{"rendered":"Tissu toile de Jouy version rose fond cr\u00e8me"},"content":{"rendered":"<h4><strong>Ce tissu est uniquement r\u00e9serv\u00e9 \u00e0 la confection d\u2019abat-jour.<\/strong><\/h4>\n<p>diam\u00e8tre maxi pour un abat-jour tambour: 40 cm ou 45 cm avec raccord biais, possible pour toute autre forme jusqu&rsquo;\u00e0 50 cm<\/p>\n<p>laize de 280 cm<\/p>\n","protected":false},"excerpt":{"rendered":"<p>Ce tissu est uniquement r\u00e9serv\u00e9 \u00e0 la confection d\u2019abat-jour. diam\u00e8tre maxi pour un abat-jour tambour: 40 cm ou 45 cm avec raccord biais, possible pour toute autre forme jusqu&rsquo;\u00e0 50 cm laize de 280 cm<\/p>\n","protected":false},"featured_media":8845,"comment_status":"open","ping_status":"closed","template":"","meta":[],"product_brand":[],"product_cat":[58,63],"product_tag":[],"class_list":{"0":"post-8843","1":"product","2":"type-product","3":"status-publish","4":"has-post-thumbnail","6":"product_cat-tissus","7":"product_cat-toiles-de-jouy","9":"first","10":"instock","11":"shipping-taxable","12":"product-type-simple"},"_links":{"self":[{"href":"https:\/\/esprit-lumieres.com\/index.php\/wp-json\/wp\/v2\/product\/8843","targetHints":{"allow":["GET"]}}],"collection":[{"href":"https:\/\/esprit-lumieres.com\/index.php\/wp-json\/wp\/v2\/product"}],"about":[{"href":"https:\/\/esprit-lumieres.com\/index.php\/wp-json\/wp\/v2\/types\/product"}],"replies":[{"embeddable":true,"href":"https:\/\/esprit-lumieres.com\/index.php\/wp-json\/wp\/v2\/comments?post=8843"}],"wp:featuredmedia":[{"embeddable":true,"href":"https:\/\/esprit-lumieres.com\/index.php\/wp-json\/wp\/v2\/media\/8845"}],"wp:attachment":[{"href":"https:\/\/esprit-lumieres.com\/index.php\/wp-json\/wp\/v2\/media?parent=8843"}],"wp:term":[{"taxonomy":"product_brand","embeddable":true,"href":"https:\/\/esprit-lumieres.com\/index.php\/wp-json\/wp\/v2\/product_brand?post=8843"},{"taxonomy":"product_cat","embeddable":true,"href":"https:\/\/esprit-lumieres.com\/index.php\/wp-json\/wp\/v2\/product_cat?post=8843"},{"taxonomy":"product_tag","embeddable":true,"href":"https:\/\/esprit-lumieres.com\/index.php\/wp-json\/wp\/v2\/product_tag?post=8843"}],"curies":[{"name":"wp","href":"https:\/\/api.w.org\/{rel}","templated":true}]}}