{"id":8806,"date":"2024-09-16T12:18:33","date_gmt":"2024-09-16T10:18:33","guid":{"rendered":"https:\/\/esprit-lumieres.com\/?post_type=product&#038;p=8806"},"modified":"2024-09-16T12:18:33","modified_gmt":"2024-09-16T10:18:33","slug":"tissu-toile-de-jouy-les-4-saisons-stof","status":"publish","type":"product","link":"https:\/\/esprit-lumieres.com\/index.php\/product\/tissu-toile-de-jouy-les-4-saisons-stof\/","title":{"rendered":"Tissu toile de Jouy \u00ab\u00a0les 4 saisons\u00a0\u00bb Stof"},"content":{"rendered":"<h4><strong>Ce tissu est uniquement r\u00e9serv\u00e9 \u00e0 la confection d\u2019abat-jour.<\/strong><\/h4>\n<p>diam\u00e8tre maxi pour un abat-jour tambour: 40 cm ou 45 cm avec raccord biais<\/p>\n<p>laize de 140 cm<\/p>\n","protected":false},"excerpt":{"rendered":"<p>Ce tissu est uniquement r\u00e9serv\u00e9 \u00e0 la confection d\u2019abat-jour. diam\u00e8tre maxi pour un abat-jour tambour: 40 cm ou 45 cm avec raccord biais laize de 140 cm<\/p>\n","protected":false},"featured_media":8809,"comment_status":"open","ping_status":"closed","template":"","meta":[],"product_brand":[],"product_cat":[223,58,63],"product_tag":[],"class_list":{"0":"post-8806","1":"product","2":"type-product","3":"status-publish","4":"has-post-thumbnail","6":"product_cat-coupons-tissus","7":"product_cat-tissus","8":"product_cat-toiles-de-jouy","10":"first","11":"instock","12":"shipping-taxable","13":"product-type-simple"},"_links":{"self":[{"href":"https:\/\/esprit-lumieres.com\/index.php\/wp-json\/wp\/v2\/product\/8806","targetHints":{"allow":["GET"]}}],"collection":[{"href":"https:\/\/esprit-lumieres.com\/index.php\/wp-json\/wp\/v2\/product"}],"about":[{"href":"https:\/\/esprit-lumieres.com\/index.php\/wp-json\/wp\/v2\/types\/product"}],"replies":[{"embeddable":true,"href":"https:\/\/esprit-lumieres.com\/index.php\/wp-json\/wp\/v2\/comments?post=8806"}],"wp:featuredmedia":[{"embeddable":true,"href":"https:\/\/esprit-lumieres.com\/index.php\/wp-json\/wp\/v2\/media\/8809"}],"wp:attachment":[{"href":"https:\/\/esprit-lumieres.com\/index.php\/wp-json\/wp\/v2\/media?parent=8806"}],"wp:term":[{"taxonomy":"product_brand","embeddable":true,"href":"https:\/\/esprit-lumieres.com\/index.php\/wp-json\/wp\/v2\/product_brand?post=8806"},{"taxonomy":"product_cat","embeddable":true,"href":"https:\/\/esprit-lumieres.com\/index.php\/wp-json\/wp\/v2\/product_cat?post=8806"},{"taxonomy":"product_tag","embeddable":true,"href":"https:\/\/esprit-lumieres.com\/index.php\/wp-json\/wp\/v2\/product_tag?post=8806"}],"curies":[{"name":"wp","href":"https:\/\/api.w.org\/{rel}","templated":true}]}}