{"id":8732,"date":"2024-09-02T10:26:22","date_gmt":"2024-09-02T08:26:22","guid":{"rendered":"https:\/\/esprit-lumieres.com\/?post_type=product&#038;p=8732"},"modified":"2024-09-02T10:26:22","modified_gmt":"2024-09-02T08:26:22","slug":"tissu-arabesques-bleues","status":"publish","type":"product","link":"https:\/\/esprit-lumieres.com\/index.php\/product\/tissu-arabesques-bleues\/","title":{"rendered":"Tissu Arabesques bleues"},"content":{"rendered":"<h4><strong>Ce tissu est uniquement r\u00e9serv\u00e9 \u00e0 la confection d&rsquo;abat-jour.<\/strong><\/h4>\n<p>diam\u00e8tre maxi pour un abat-jour tambour: 40 cm ou 45 cm avec raccord biais<\/p>\n<p>laize de 140 cm<\/p>\n","protected":false},"excerpt":{"rendered":"<p>Ce tissu est uniquement r\u00e9serv\u00e9 \u00e0 la confection d&rsquo;abat-jour. diam\u00e8tre maxi pour un abat-jour tambour: 40 cm ou 45 cm avec raccord biais laize de 140 cm<\/p>\n","protected":false},"featured_media":8733,"comment_status":"open","ping_status":"closed","template":"","meta":[],"product_brand":[],"product_cat":[223,58],"product_tag":[],"class_list":{"0":"post-8732","1":"product","2":"type-product","3":"status-publish","4":"has-post-thumbnail","6":"product_cat-coupons-tissus","7":"product_cat-tissus","9":"first","10":"instock","11":"shipping-taxable","12":"product-type-simple"},"_links":{"self":[{"href":"https:\/\/esprit-lumieres.com\/index.php\/wp-json\/wp\/v2\/product\/8732","targetHints":{"allow":["GET"]}}],"collection":[{"href":"https:\/\/esprit-lumieres.com\/index.php\/wp-json\/wp\/v2\/product"}],"about":[{"href":"https:\/\/esprit-lumieres.com\/index.php\/wp-json\/wp\/v2\/types\/product"}],"replies":[{"embeddable":true,"href":"https:\/\/esprit-lumieres.com\/index.php\/wp-json\/wp\/v2\/comments?post=8732"}],"wp:featuredmedia":[{"embeddable":true,"href":"https:\/\/esprit-lumieres.com\/index.php\/wp-json\/wp\/v2\/media\/8733"}],"wp:attachment":[{"href":"https:\/\/esprit-lumieres.com\/index.php\/wp-json\/wp\/v2\/media?parent=8732"}],"wp:term":[{"taxonomy":"product_brand","embeddable":true,"href":"https:\/\/esprit-lumieres.com\/index.php\/wp-json\/wp\/v2\/product_brand?post=8732"},{"taxonomy":"product_cat","embeddable":true,"href":"https:\/\/esprit-lumieres.com\/index.php\/wp-json\/wp\/v2\/product_cat?post=8732"},{"taxonomy":"product_tag","embeddable":true,"href":"https:\/\/esprit-lumieres.com\/index.php\/wp-json\/wp\/v2\/product_tag?post=8732"}],"curies":[{"name":"wp","href":"https:\/\/api.w.org\/{rel}","templated":true}]}}