{"id":860,"date":"2019-07-10T16:20:54","date_gmt":"2019-07-10T14:20:54","guid":{"rendered":"http:\/\/xndevespju.cluster027.hosting.ovh.net\/?post_type=product&#038;p=860"},"modified":"2020-10-02T14:25:56","modified_gmt":"2020-10-02T12:25:56","slug":"lampe-a-poser-carreaux-ciment","status":"publish","type":"product","link":"https:\/\/esprit-lumieres.com\/index.php\/product\/lampe-a-poser-carreaux-ciment\/","title":{"rendered":"Lampe \u00e0 poser carreaux ciment"},"content":{"rendered":"<p><img decoding=\"async\" src=\"http:\/\/www.esprit-lumieres.com\/images\/picto\/etoile_rose.png\" alt=\"\" border=\"0\" \/>\u00a0<span class=\"rose_titre\">Description<\/span><br \/>\nLampe \u00e0 poser \u00e9tiquettes vin<br \/>\nVous pouvez choisir les \u00e9tiquettes<br \/>\nsyst\u00e8me \u00e9lectrique fourni<\/p>\n<p><img decoding=\"async\" src=\"http:\/\/www.esprit-lumieres.com\/images\/picto\/etoile_rose.png\" alt=\"\" border=\"0\" \/>\u00a0<span class=\"rose_titre\">Dimensions<br \/>\n<\/span>Diam\u00e8tre 12 cm : 38 euros<br \/>\nDiam\u00e8tre 15 cm : 48 euros<\/p>\n<p><img decoding=\"async\" src=\"http:\/\/www.esprit-lumieres.com\/images\/picto\/etoile_rose.png\" alt=\"\" border=\"0\" \/>\u00a0<span class=\"rose_titre\">Frais de <\/span>port<br \/>\n8 euros en colissimo<\/p>\n<p><img decoding=\"async\" src=\"http:\/\/www.esprit-lumieres.com\/images\/picto\/etoile_rose.png\" alt=\"\" border=\"0\" \/>\u00a0<span class=\"rose_titre\">Moyens de paiement<\/span><br \/>\nCh\u00e8que, Paypal ou virement bancaire<\/p>\n","protected":false},"excerpt":{"rendered":"<p>\u00a0Description Lampe \u00e0 poser \u00e9tiquettes vin Vous pouvez choisir les \u00e9tiquettes syst\u00e8me \u00e9lectrique fourni \u00a0Dimensions Diam\u00e8tre 12 cm : 38 euros Diam\u00e8tre 15 cm : 48 euros \u00a0Frais de port 8 euros en colissimo \u00a0Moyens de paiement Ch\u00e8que, Paypal ou virement bancaire<\/p>\n","protected":false},"featured_media":824,"comment_status":"open","ping_status":"closed","template":"","meta":[],"product_brand":[],"product_cat":[21],"product_tag":[],"class_list":{"0":"post-860","1":"product","2":"type-product","3":"status-publish","4":"has-post-thumbnail","6":"product_cat-luminaires","8":"first","9":"instock","10":"shipping-taxable","11":"purchasable","12":"product-type-variable"},"_links":{"self":[{"href":"https:\/\/esprit-lumieres.com\/index.php\/wp-json\/wp\/v2\/product\/860","targetHints":{"allow":["GET"]}}],"collection":[{"href":"https:\/\/esprit-lumieres.com\/index.php\/wp-json\/wp\/v2\/product"}],"about":[{"href":"https:\/\/esprit-lumieres.com\/index.php\/wp-json\/wp\/v2\/types\/product"}],"replies":[{"embeddable":true,"href":"https:\/\/esprit-lumieres.com\/index.php\/wp-json\/wp\/v2\/comments?post=860"}],"wp:featuredmedia":[{"embeddable":true,"href":"https:\/\/esprit-lumieres.com\/index.php\/wp-json\/wp\/v2\/media\/824"}],"wp:attachment":[{"href":"https:\/\/esprit-lumieres.com\/index.php\/wp-json\/wp\/v2\/media?parent=860"}],"wp:term":[{"taxonomy":"product_brand","embeddable":true,"href":"https:\/\/esprit-lumieres.com\/index.php\/wp-json\/wp\/v2\/product_brand?post=860"},{"taxonomy":"product_cat","embeddable":true,"href":"https:\/\/esprit-lumieres.com\/index.php\/wp-json\/wp\/v2\/product_cat?post=860"},{"taxonomy":"product_tag","embeddable":true,"href":"https:\/\/esprit-lumieres.com\/index.php\/wp-json\/wp\/v2\/product_tag?post=860"}],"curies":[{"name":"wp","href":"https:\/\/api.w.org\/{rel}","templated":true}]}}