{"id":833,"date":"2019-07-10T15:11:39","date_gmt":"2019-07-10T13:11:39","guid":{"rendered":"http:\/\/xndevespju.cluster027.hosting.ovh.net\/?post_type=product&#038;p=833"},"modified":"2024-08-08T13:42:00","modified_gmt":"2024-08-08T11:42:00","slug":"applique-demi-lune-theme-carreaux-ciment-2","status":"publish","type":"product","link":"https:\/\/esprit-lumieres.com\/index.php\/product\/applique-demi-lune-theme-carreaux-ciment-2\/","title":{"rendered":"Applique demi-lune th\u00e8me carreaux ciment"},"content":{"rendered":"<p><img decoding=\"async\" src=\"http:\/\/www.esprit-lumieres.com\/images\/picto\/etoile_rose.png\" alt=\"\" border=\"0\" \/>\u00a0<span class=\"rose_titre\">Description<\/span><br \/>\nApplique demi lune th\u00e8me carreaux ciment<br \/>\ncouleurs et motifs de votre choix<\/p>\n<p>Plusieurs tailles possibles<\/p>\n<p><img decoding=\"async\" src=\"http:\/\/www.esprit-lumieres.com\/images\/picto\/etoile_rose.png\" alt=\"\" border=\"0\" \/>\u00a0<span class=\"rose_titre\">Dimensions<br \/>\n<\/span>20 cm sur 20 cm : 52 euros pi\u00e8ce<br \/>\n25 cm sur 25 cm : 58 euros pi\u00e8ce<br \/>\n30 cm sur 20 cm : 58 euros pi\u00e8ce<\/p>\n<p><img decoding=\"async\" src=\"http:\/\/www.esprit-lumieres.com\/images\/picto\/etoile_rose.png\" alt=\"\" border=\"0\" \/>\u00a0<span class=\"rose_titre\">Frais de port<\/span><br \/>\n9 euros en colissimo<\/p>\n<p><img decoding=\"async\" src=\"http:\/\/www.esprit-lumieres.com\/images\/picto\/etoile_rose.png\" alt=\"\" border=\"0\" \/>\u00a0<span class=\"rose_titre\">Moyens de paiement<\/span><br \/>\nch\u00e8que, virement ou Paypal<\/p>\n","protected":false},"excerpt":{"rendered":"<p>\u00a0Description Applique demi lune th\u00e8me carreaux ciment couleurs et motifs de votre choix Plusieurs tailles possibles \u00a0Dimensions 20 cm sur 20 cm : 52 euros pi\u00e8ce 25 cm sur 25 cm : 58 euros pi\u00e8ce 30 cm sur 20 cm : 58 euros pi\u00e8ce \u00a0Frais de port 9 euros en colissimo \u00a0Moyens de paiement ch\u00e8que, [&hellip;]<\/p>\n","protected":false},"featured_media":834,"comment_status":"open","ping_status":"closed","template":"","meta":[],"product_brand":[],"product_cat":[18,212],"product_tag":[],"class_list":{"0":"post-833","1":"product","2":"type-product","3":"status-publish","4":"has-post-thumbnail","6":"product_cat-appliques","7":"product_cat-appliques_demi-lune","9":"first","10":"instock","11":"shipping-taxable","12":"purchasable","13":"product-type-variable"},"_links":{"self":[{"href":"https:\/\/esprit-lumieres.com\/index.php\/wp-json\/wp\/v2\/product\/833","targetHints":{"allow":["GET"]}}],"collection":[{"href":"https:\/\/esprit-lumieres.com\/index.php\/wp-json\/wp\/v2\/product"}],"about":[{"href":"https:\/\/esprit-lumieres.com\/index.php\/wp-json\/wp\/v2\/types\/product"}],"replies":[{"embeddable":true,"href":"https:\/\/esprit-lumieres.com\/index.php\/wp-json\/wp\/v2\/comments?post=833"}],"wp:featuredmedia":[{"embeddable":true,"href":"https:\/\/esprit-lumieres.com\/index.php\/wp-json\/wp\/v2\/media\/834"}],"wp:attachment":[{"href":"https:\/\/esprit-lumieres.com\/index.php\/wp-json\/wp\/v2\/media?parent=833"}],"wp:term":[{"taxonomy":"product_brand","embeddable":true,"href":"https:\/\/esprit-lumieres.com\/index.php\/wp-json\/wp\/v2\/product_brand?post=833"},{"taxonomy":"product_cat","embeddable":true,"href":"https:\/\/esprit-lumieres.com\/index.php\/wp-json\/wp\/v2\/product_cat?post=833"},{"taxonomy":"product_tag","embeddable":true,"href":"https:\/\/esprit-lumieres.com\/index.php\/wp-json\/wp\/v2\/product_tag?post=833"}],"curies":[{"name":"wp","href":"https:\/\/api.w.org\/{rel}","templated":true}]}}