{"id":8171,"date":"2024-07-02T17:54:13","date_gmt":"2024-07-02T15:54:13","guid":{"rendered":"https:\/\/esprit-lumieres.com\/?post_type=product&#038;p=8171"},"modified":"2024-07-02T17:55:14","modified_gmt":"2024-07-02T15:55:14","slug":"embrasse-de-rideaux-les-marquises-houles-grand-modele-vendue-a-la-piece","status":"publish","type":"product","link":"https:\/\/esprit-lumieres.com\/index.php\/product\/embrasse-de-rideaux-les-marquises-houles-grand-modele-vendue-a-la-piece\/","title":{"rendered":"Embrasse de rideaux \u00ab\u00a0les Marquises\u00a0\u00bb Houl\u00e8s, grand mod\u00e8le, vendue \u00e0 la pi\u00e8ce"},"content":{"rendered":"<p>grandes embrasses de rideaux, mod\u00e8le les Marquises de chez Houl\u00e8s (Grand mod\u00e8le), vendues \u00e0 la pi\u00e8ce<\/p>\n<p>2 couleur lin gris\u00e9<br \/>\n1 couleur dor\u00e9e<\/p>\n<p>Taille \u00e0 plat repli\u00e9 60 cm<\/p>\n<p>en tr\u00e8s bon \u00e9tat.<\/p>\n<p>Frais de port en fonction du nombre. chaque embrasse p\u00e8se pr\u00e8s de 1 kg<\/p>\n","protected":false},"excerpt":{"rendered":"<p>grandes embrasses de rideaux, mod\u00e8le les Marquises de chez Houl\u00e8s (Grand mod\u00e8le), vendues \u00e0 la pi\u00e8ce 2 couleur lin gris\u00e9 1 couleur dor\u00e9e Taille \u00e0 plat repli\u00e9 60 cm en tr\u00e8s bon \u00e9tat. Frais de port en fonction du nombre. chaque embrasse p\u00e8se pr\u00e8s de 1 kg<\/p>\n","protected":false},"featured_media":8175,"comment_status":"open","ping_status":"closed","template":"","meta":[],"product_brand":[],"product_cat":[19],"product_tag":[],"class_list":{"0":"post-8171","1":"product","2":"type-product","3":"status-publish","4":"has-post-thumbnail","6":"product_cat-decoration","8":"first","9":"instock","10":"shipping-taxable","11":"purchasable","12":"product-type-simple"},"_links":{"self":[{"href":"https:\/\/esprit-lumieres.com\/index.php\/wp-json\/wp\/v2\/product\/8171","targetHints":{"allow":["GET"]}}],"collection":[{"href":"https:\/\/esprit-lumieres.com\/index.php\/wp-json\/wp\/v2\/product"}],"about":[{"href":"https:\/\/esprit-lumieres.com\/index.php\/wp-json\/wp\/v2\/types\/product"}],"replies":[{"embeddable":true,"href":"https:\/\/esprit-lumieres.com\/index.php\/wp-json\/wp\/v2\/comments?post=8171"}],"wp:featuredmedia":[{"embeddable":true,"href":"https:\/\/esprit-lumieres.com\/index.php\/wp-json\/wp\/v2\/media\/8175"}],"wp:attachment":[{"href":"https:\/\/esprit-lumieres.com\/index.php\/wp-json\/wp\/v2\/media?parent=8171"}],"wp:term":[{"taxonomy":"product_brand","embeddable":true,"href":"https:\/\/esprit-lumieres.com\/index.php\/wp-json\/wp\/v2\/product_brand?post=8171"},{"taxonomy":"product_cat","embeddable":true,"href":"https:\/\/esprit-lumieres.com\/index.php\/wp-json\/wp\/v2\/product_cat?post=8171"},{"taxonomy":"product_tag","embeddable":true,"href":"https:\/\/esprit-lumieres.com\/index.php\/wp-json\/wp\/v2\/product_tag?post=8171"}],"curies":[{"name":"wp","href":"https:\/\/api.w.org\/{rel}","templated":true}]}}