{"id":8105,"date":"2024-06-24T16:23:16","date_gmt":"2024-06-24T14:23:16","guid":{"rendered":"https:\/\/esprit-lumieres.com\/?post_type=product&#038;p=8105"},"modified":"2024-06-24T16:23:19","modified_gmt":"2024-06-24T14:23:19","slug":"serviette-monogrammee-au-choix","status":"publish","type":"product","link":"https:\/\/esprit-lumieres.com\/index.php\/product\/serviette-monogrammee-au-choix\/","title":{"rendered":"Serviette monogramm\u00e9e au choix"},"content":{"rendered":"<p>Serviettes monogramm\u00e9es vendues \u00e0 la pi\u00e8ce, elles ont \u00e9t\u00e9 lav\u00e9es, cependant certaines taches r\u00e9sistent.<\/p>\n<p>D\u00e9coration\/travaux de couture<\/p>\n<p>JS (point de croix rouge)<br \/>\nMB<br \/>\nJM<br \/>\nMP (x 2)<br \/>\nGS<br \/>\nBE<br \/>\nJS ou JG<br \/>\nMD<br \/>\nBS<\/p>\n<p><strong>4 euros pi\u00e8ce<\/strong><\/p>\n<p>frais de port en fonction du poids<\/p>\n","protected":false},"excerpt":{"rendered":"<p>Serviettes monogramm\u00e9es vendues \u00e0 la pi\u00e8ce, elles ont \u00e9t\u00e9 lav\u00e9es, cependant certaines taches r\u00e9sistent. D\u00e9coration\/travaux de couture JS (point de croix rouge) MB JM MP (x 2) GS BE JS ou JG MD BS 4 euros pi\u00e8ce frais de port en fonction du poids<\/p>\n","protected":false},"featured_media":8112,"comment_status":"open","ping_status":"closed","template":"","meta":[],"product_brand":[],"product_cat":[19],"product_tag":[],"class_list":{"0":"post-8105","1":"product","2":"type-product","3":"status-publish","4":"has-post-thumbnail","6":"product_cat-decoration","8":"first","9":"instock","10":"shipping-taxable","11":"purchasable","12":"product-type-simple"},"_links":{"self":[{"href":"https:\/\/esprit-lumieres.com\/index.php\/wp-json\/wp\/v2\/product\/8105","targetHints":{"allow":["GET"]}}],"collection":[{"href":"https:\/\/esprit-lumieres.com\/index.php\/wp-json\/wp\/v2\/product"}],"about":[{"href":"https:\/\/esprit-lumieres.com\/index.php\/wp-json\/wp\/v2\/types\/product"}],"replies":[{"embeddable":true,"href":"https:\/\/esprit-lumieres.com\/index.php\/wp-json\/wp\/v2\/comments?post=8105"}],"wp:featuredmedia":[{"embeddable":true,"href":"https:\/\/esprit-lumieres.com\/index.php\/wp-json\/wp\/v2\/media\/8112"}],"wp:attachment":[{"href":"https:\/\/esprit-lumieres.com\/index.php\/wp-json\/wp\/v2\/media?parent=8105"}],"wp:term":[{"taxonomy":"product_brand","embeddable":true,"href":"https:\/\/esprit-lumieres.com\/index.php\/wp-json\/wp\/v2\/product_brand?post=8105"},{"taxonomy":"product_cat","embeddable":true,"href":"https:\/\/esprit-lumieres.com\/index.php\/wp-json\/wp\/v2\/product_cat?post=8105"},{"taxonomy":"product_tag","embeddable":true,"href":"https:\/\/esprit-lumieres.com\/index.php\/wp-json\/wp\/v2\/product_tag?post=8105"}],"curies":[{"name":"wp","href":"https:\/\/api.w.org\/{rel}","templated":true}]}}