{"id":8091,"date":"2024-06-23T19:52:29","date_gmt":"2024-06-23T17:52:29","guid":{"rendered":"https:\/\/esprit-lumieres.com\/?post_type=product&#038;p=8091"},"modified":"2024-06-23T19:52:32","modified_gmt":"2024-06-23T17:52:32","slug":"lot-de-6-fourchettes-en-metal-argente-decor-lauriers","status":"publish","type":"product","link":"https:\/\/esprit-lumieres.com\/index.php\/product\/lot-de-6-fourchettes-en-metal-argente-decor-lauriers\/","title":{"rendered":"lot de 6 fourchettes en m\u00e9tal argent\u00e9 d\u00e9cor lauriers"},"content":{"rendered":"<p>lot de 6 fourchettes en m\u00e9tal argent\u00e9 d\u00e9cor lauriers<\/p>\n<p>les dents sont us\u00e9es&#8230;<\/p>\n<p>Fdp en colissimo : 8 euros<\/p>\n","protected":false},"excerpt":{"rendered":"<p>lot de 6 fourchettes en m\u00e9tal argent\u00e9 d\u00e9cor lauriers les dents sont us\u00e9es&#8230; Fdp en colissimo : 8 euros<\/p>\n","protected":false},"featured_media":8093,"comment_status":"open","ping_status":"closed","template":"","meta":[],"product_brand":[],"product_cat":[19],"product_tag":[],"class_list":{"0":"post-8091","1":"product","2":"type-product","3":"status-publish","4":"has-post-thumbnail","6":"product_cat-decoration","8":"first","9":"instock","10":"shipping-taxable","11":"purchasable","12":"product-type-simple"},"_links":{"self":[{"href":"https:\/\/esprit-lumieres.com\/index.php\/wp-json\/wp\/v2\/product\/8091","targetHints":{"allow":["GET"]}}],"collection":[{"href":"https:\/\/esprit-lumieres.com\/index.php\/wp-json\/wp\/v2\/product"}],"about":[{"href":"https:\/\/esprit-lumieres.com\/index.php\/wp-json\/wp\/v2\/types\/product"}],"replies":[{"embeddable":true,"href":"https:\/\/esprit-lumieres.com\/index.php\/wp-json\/wp\/v2\/comments?post=8091"}],"wp:featuredmedia":[{"embeddable":true,"href":"https:\/\/esprit-lumieres.com\/index.php\/wp-json\/wp\/v2\/media\/8093"}],"wp:attachment":[{"href":"https:\/\/esprit-lumieres.com\/index.php\/wp-json\/wp\/v2\/media?parent=8091"}],"wp:term":[{"taxonomy":"product_brand","embeddable":true,"href":"https:\/\/esprit-lumieres.com\/index.php\/wp-json\/wp\/v2\/product_brand?post=8091"},{"taxonomy":"product_cat","embeddable":true,"href":"https:\/\/esprit-lumieres.com\/index.php\/wp-json\/wp\/v2\/product_cat?post=8091"},{"taxonomy":"product_tag","embeddable":true,"href":"https:\/\/esprit-lumieres.com\/index.php\/wp-json\/wp\/v2\/product_tag?post=8091"}],"curies":[{"name":"wp","href":"https:\/\/api.w.org\/{rel}","templated":true}]}}