{"id":803,"date":"2019-06-07T19:27:16","date_gmt":"2019-06-07T17:27:16","guid":{"rendered":"http:\/\/xndevespju.cluster027.hosting.ovh.net\/?post_type=product&#038;p=803"},"modified":"2024-11-08T09:43:25","modified_gmt":"2024-11-08T08:43:25","slug":"abat-jour-tissu-singerie","status":"publish","type":"product","link":"https:\/\/esprit-lumieres.com\/index.php\/product\/abat-jour-tissu-singerie\/","title":{"rendered":"Abat-jour tissu singerie"},"content":{"rendered":"<h2>Description<\/h2>\n<p><img decoding=\"async\" src=\"http:\/\/www.esprit-lumieres.com\/images\/picto\/etoile_rose.png\" alt=\"\" border=\"0\" \/>\u00a0<span class=\"rose_titre\">Description<\/span><br \/>\nCollection Abat-jour tambour th\u00e8me singerie<\/p>\n<p>plusieurs tailles possibles en abat-jour ou suspension<\/p>\n<p><img decoding=\"async\" src=\"http:\/\/www.esprit-lumieres.com\/images\/picto\/etoile_rose.png\" alt=\"\" border=\"0\" \/>\u00a0<span class=\"rose_titre\">Dimensions<br \/>\n<\/span>diam\u00e8tre 20 cm : 56 euros<br \/>\ndiam\u00e8tre 25 cm : 64 euros<br \/>\ndiam\u00e8tre 30 cm : 72 euros<br \/>\ndiam\u00e8tre 35 cm : 82 euros<br \/>\ndiam\u00e8tre 40 cm : 92 euros (suspension ou abat-jour)<br \/>\ndiam\u00e8tre 45 cm : 100 euros (suspension ou abat-jour)<br \/>\ndiam\u00e8tre 50 cm : 112 euros (suspension ou abat-jour)<br \/>\nDiam\u00e8tre : 60 cm : 125 euros (suspension) RETRAIT UNIQUEMENT A L&rsquo;ATELIER<\/p>\n<p>Pour les suspensions pr\u00e9voir 8 euros si besoin d\u2019un fil<\/p>\n<p>Pour un tamiseur, 10 euros<\/p>\n<p><img decoding=\"async\" src=\"http:\/\/www.esprit-lumieres.com\/images\/picto\/etoile_rose.png\" alt=\"\" border=\"0\" \/>\u00a0<span class=\"rose_titre\">Frais de port<\/span><br \/>\n10 euros en colissimo pour les diam\u00e8tres de 20 \u00e0 30 cm, 13\u00a0 euros en envoi chronopost avec livraison en relais pour les diam\u00e8tres de 35 \u00e0 50 cm, retrait \u00e0 l&rsquo;atelier pour les diam\u00e8tres 60 cm<\/p>\n<p><img decoding=\"async\" src=\"http:\/\/www.esprit-lumieres.com\/images\/picto\/etoile_rose.png\" alt=\"\" border=\"0\" \/>\u00a0<span class=\"rose_titre\">Moyens de paiement<\/span><br \/>\nch\u00e8que, virement ou Paypal<\/p>\n","protected":false},"excerpt":{"rendered":"<p>Description \u00a0Description Collection Abat-jour tambour th\u00e8me singerie plusieurs tailles possibles en abat-jour ou suspension \u00a0Dimensions diam\u00e8tre 20 cm : 56 euros diam\u00e8tre 25 cm : 64 euros diam\u00e8tre 30 cm : 72 euros diam\u00e8tre 35 cm : 82 euros diam\u00e8tre 40 cm : 92 euros (suspension ou abat-jour) diam\u00e8tre 45 cm : 100 euros (suspension [&hellip;]<\/p>\n","protected":false},"featured_media":816,"comment_status":"open","ping_status":"closed","template":"","meta":[],"product_brand":[],"product_cat":[17,213,214],"product_tag":[],"class_list":{"0":"post-803","1":"product","2":"type-product","3":"status-publish","4":"has-post-thumbnail","6":"product_cat-abat-jour","7":"product_cat-abat-jour_tambour","8":"product_cat-abat-jour_tambour_tissu","10":"first","11":"instock","12":"shipping-taxable","13":"purchasable","14":"product-type-variable"},"_links":{"self":[{"href":"https:\/\/esprit-lumieres.com\/index.php\/wp-json\/wp\/v2\/product\/803","targetHints":{"allow":["GET"]}}],"collection":[{"href":"https:\/\/esprit-lumieres.com\/index.php\/wp-json\/wp\/v2\/product"}],"about":[{"href":"https:\/\/esprit-lumieres.com\/index.php\/wp-json\/wp\/v2\/types\/product"}],"replies":[{"embeddable":true,"href":"https:\/\/esprit-lumieres.com\/index.php\/wp-json\/wp\/v2\/comments?post=803"}],"wp:featuredmedia":[{"embeddable":true,"href":"https:\/\/esprit-lumieres.com\/index.php\/wp-json\/wp\/v2\/media\/816"}],"wp:attachment":[{"href":"https:\/\/esprit-lumieres.com\/index.php\/wp-json\/wp\/v2\/media?parent=803"}],"wp:term":[{"taxonomy":"product_brand","embeddable":true,"href":"https:\/\/esprit-lumieres.com\/index.php\/wp-json\/wp\/v2\/product_brand?post=803"},{"taxonomy":"product_cat","embeddable":true,"href":"https:\/\/esprit-lumieres.com\/index.php\/wp-json\/wp\/v2\/product_cat?post=803"},{"taxonomy":"product_tag","embeddable":true,"href":"https:\/\/esprit-lumieres.com\/index.php\/wp-json\/wp\/v2\/product_tag?post=803"}],"curies":[{"name":"wp","href":"https:\/\/api.w.org\/{rel}","templated":true}]}}