{"id":7239,"date":"2023-07-04T16:33:54","date_gmt":"2023-07-04T14:33:54","guid":{"rendered":"https:\/\/esprit-lumieres.com\/?post_type=product&#038;p=7239"},"modified":"2024-11-11T21:07:34","modified_gmt":"2024-11-11T20:07:34","slug":"abat-jour-rectangulaire-vues-de-villes-ou-pays","status":"publish","type":"product","link":"https:\/\/esprit-lumieres.com\/index.php\/product\/abat-jour-rectangulaire-vues-de-villes-ou-pays\/","title":{"rendered":"abat-jour rectangulaire, vues de villes ou pays"},"content":{"rendered":"<p>Abat-jour rectangulaire, vues de villes ou pays<\/p>\n<p>plusieurs tailles possibles, r\u00e9alisables dans le tissu de votre choix (plusieurs tissus sont pr\u00e9sent\u00e9s sur ce site \u00e0 la rubrique d\u00e9di\u00e9e)<\/p>\n<p><img decoding=\"async\" src=\"https:\/\/esprit-lumieres.com\/index.php\/product\/abat-jour-theme-beatrix-potter\/images\/picto\/etoile_rose.png\" alt=\"\" border=\"0\" \/><span class=\"rose_titre\">Dimensions<br \/>\n<\/span>largeur 20 cm : 75 euros<br \/>\ndiam\u00e8tre 25 cm : 85 euros<br \/>\ndiam\u00e8tre 30 cm : 95 euros<br \/>\ndiam\u00e8tre 35 cm : 105 euros<br \/>\n)<\/p>\n<p><img decoding=\"async\" src=\"https:\/\/esprit-lumieres.com\/index.php\/product\/abat-jour-theme-beatrix-potter\/images\/picto\/etoile_rose.png\" alt=\"\" border=\"0\" \/>\u00a0<span class=\"rose_titre\">Frais de port<\/span><\/p>\n<p>10 euros en colissimo pour les dimensions 20\u00e0 35 cm<br \/>\n13 euros en envoi chronopost avec livraison en relais Chronopost pour les 40 cm<\/p>\n<p><img decoding=\"async\" src=\"https:\/\/esprit-lumieres.com\/index.php\/product\/abat-jour-theme-beatrix-potter\/images\/picto\/etoile_rose.png\" alt=\"\" border=\"0\" \/>\u00a0<span class=\"rose_titre\">Moyens de paiement<\/span><br \/>\nch\u00e8que, virement ou Paypal<\/p>\n","protected":false},"excerpt":{"rendered":"<p>Abat-jour rectangulaire, vues de villes ou pays plusieurs tailles possibles, r\u00e9alisables dans le tissu de votre choix (plusieurs tissus sont pr\u00e9sent\u00e9s sur ce site \u00e0 la rubrique d\u00e9di\u00e9e) Dimensions largeur 20 cm : 75 euros diam\u00e8tre 25 cm : 85 euros diam\u00e8tre 30 cm : 95 euros diam\u00e8tre 35 cm : 105 euros ) \u00a0Frais [&hellip;]<\/p>\n","protected":false},"featured_media":7242,"comment_status":"open","ping_status":"closed","template":"","meta":[],"product_brand":[],"product_cat":[17,224],"product_tag":[],"class_list":{"0":"post-7239","1":"product","2":"type-product","3":"status-publish","4":"has-post-thumbnail","6":"product_cat-abat-jour","7":"product_cat-abat-jour_rectangle","9":"first","10":"instock","11":"shipping-taxable","12":"purchasable","13":"product-type-variable"},"_links":{"self":[{"href":"https:\/\/esprit-lumieres.com\/index.php\/wp-json\/wp\/v2\/product\/7239","targetHints":{"allow":["GET"]}}],"collection":[{"href":"https:\/\/esprit-lumieres.com\/index.php\/wp-json\/wp\/v2\/product"}],"about":[{"href":"https:\/\/esprit-lumieres.com\/index.php\/wp-json\/wp\/v2\/types\/product"}],"replies":[{"embeddable":true,"href":"https:\/\/esprit-lumieres.com\/index.php\/wp-json\/wp\/v2\/comments?post=7239"}],"wp:featuredmedia":[{"embeddable":true,"href":"https:\/\/esprit-lumieres.com\/index.php\/wp-json\/wp\/v2\/media\/7242"}],"wp:attachment":[{"href":"https:\/\/esprit-lumieres.com\/index.php\/wp-json\/wp\/v2\/media?parent=7239"}],"wp:term":[{"taxonomy":"product_brand","embeddable":true,"href":"https:\/\/esprit-lumieres.com\/index.php\/wp-json\/wp\/v2\/product_brand?post=7239"},{"taxonomy":"product_cat","embeddable":true,"href":"https:\/\/esprit-lumieres.com\/index.php\/wp-json\/wp\/v2\/product_cat?post=7239"},{"taxonomy":"product_tag","embeddable":true,"href":"https:\/\/esprit-lumieres.com\/index.php\/wp-json\/wp\/v2\/product_tag?post=7239"}],"curies":[{"name":"wp","href":"https:\/\/api.w.org\/{rel}","templated":true}]}}