{"id":7044,"date":"2023-05-05T10:14:32","date_gmt":"2023-05-05T08:14:32","guid":{"rendered":"https:\/\/esprit-lumieres.com\/?post_type=product&#038;p=7044"},"modified":"2023-05-05T10:19:03","modified_gmt":"2023-05-05T08:19:03","slug":"serie-de-9-assiettes-a-dessert-porcelaine-de-limoges-theme-fleurs","status":"publish","type":"product","link":"https:\/\/esprit-lumieres.com\/index.php\/product\/serie-de-9-assiettes-a-dessert-porcelaine-de-limoges-theme-fleurs\/","title":{"rendered":"s\u00e9rie de 9 assiettes \u00e0 dessert, porcelaine de Limoges th\u00e8me fleurs"},"content":{"rendered":"<p>Dites le avec des fleurs !<\/p>\n<p>S\u00e9rie de 9 assiettes \u00e0 dessert sur le th\u00e8me des fleurs. une assiette a un tout petit manque (voir photo)<\/p>\n<p>dimensions : 18,5 cm<\/p>\n<p>Sign\u00e9es NDB Limoges, Nicole Bernardaud Desjardins<\/p>\n<p>11 tasses \u00e0 th\u00e9 sont \u00e9galement disponibles dans une autre annonce<\/p>\n<p>Frais de port :<br \/>\n10 euros en colissimo ou 6,90 euros en relais<\/p>\n<p>Moyens de paiement :<br \/>\nPaypal, virement ou ch\u00e8que<\/p>\n","protected":false},"excerpt":{"rendered":"<p>Dites le avec des fleurs ! S\u00e9rie de 9 assiettes \u00e0 dessert sur le th\u00e8me des fleurs. une assiette a un tout petit manque (voir photo) dimensions : 18,5 cm Sign\u00e9es NDB Limoges, Nicole Bernardaud Desjardins 11 tasses \u00e0 th\u00e9 sont \u00e9galement disponibles dans une autre annonce Frais de port : 10 euros en colissimo [&hellip;]<\/p>\n","protected":false},"featured_media":7045,"comment_status":"open","ping_status":"closed","template":"","meta":[],"product_brand":[],"product_cat":[19],"product_tag":[],"class_list":{"0":"post-7044","1":"product","2":"type-product","3":"status-publish","4":"has-post-thumbnail","6":"product_cat-decoration","8":"first","9":"instock","10":"shipping-taxable","11":"purchasable","12":"product-type-simple"},"_links":{"self":[{"href":"https:\/\/esprit-lumieres.com\/index.php\/wp-json\/wp\/v2\/product\/7044","targetHints":{"allow":["GET"]}}],"collection":[{"href":"https:\/\/esprit-lumieres.com\/index.php\/wp-json\/wp\/v2\/product"}],"about":[{"href":"https:\/\/esprit-lumieres.com\/index.php\/wp-json\/wp\/v2\/types\/product"}],"replies":[{"embeddable":true,"href":"https:\/\/esprit-lumieres.com\/index.php\/wp-json\/wp\/v2\/comments?post=7044"}],"wp:featuredmedia":[{"embeddable":true,"href":"https:\/\/esprit-lumieres.com\/index.php\/wp-json\/wp\/v2\/media\/7045"}],"wp:attachment":[{"href":"https:\/\/esprit-lumieres.com\/index.php\/wp-json\/wp\/v2\/media?parent=7044"}],"wp:term":[{"taxonomy":"product_brand","embeddable":true,"href":"https:\/\/esprit-lumieres.com\/index.php\/wp-json\/wp\/v2\/product_brand?post=7044"},{"taxonomy":"product_cat","embeddable":true,"href":"https:\/\/esprit-lumieres.com\/index.php\/wp-json\/wp\/v2\/product_cat?post=7044"},{"taxonomy":"product_tag","embeddable":true,"href":"https:\/\/esprit-lumieres.com\/index.php\/wp-json\/wp\/v2\/product_tag?post=7044"}],"curies":[{"name":"wp","href":"https:\/\/api.w.org\/{rel}","templated":true}]}}