{"id":6720,"date":"2023-03-08T10:49:22","date_gmt":"2023-03-08T09:49:22","guid":{"rendered":"https:\/\/esprit-lumieres.com\/?post_type=product&#038;p=6720"},"modified":"2025-06-11T10:10:50","modified_gmt":"2025-06-11T08:10:50","slug":"tissu-bohemian-rapsody-thevenon","status":"publish","type":"product","link":"https:\/\/esprit-lumieres.com\/index.php\/product\/tissu-bohemian-rapsody-thevenon\/","title":{"rendered":"Tissu Bohemian Rapsody (Th\u00e9venon)"},"content":{"rendered":"<p><strong>Description :\u00a0<\/strong><br \/>\nJoli tissu Bohemian Rapsody de Th\u00e9venon au d\u00e9cor d&rsquo;\u00e9l\u00e9phants et chevaux<\/p>\n<p>laize de 140 cm<\/p>\n<p>Diam\u00e8tre maxi : 45 cm avec un raccord de biais \u00e0 l&rsquo;arri\u00e8re<\/p>\n<p>Id\u00e9al pour r\u00e9aliser un abat-jour de lampadaire ou de suspension de 40 cm de diam\u00e8tre sur 30 cm de hauteur<\/p>\n<p>Abat-jour en 40 cm de diam\u00e8tre\u00a0 : 88 euros ( + 8 euros si besoin d&rsquo;un fil de suspension)<\/p>\n<p>Possibilit\u00e9 de r\u00e9aliser \u00e9galement<br \/>\n&#8211; lampe tube 15 cm de diam\u00e8tre sur 30 cm de hauteur : 48 euros<br \/>\n&#8211; lampe tube 18 cm de diam\u00e8tre sur 35 cm de hauteur : 65 euros<br \/>\n&#8211; applique ou lampe double mati\u00e8re 40 cm de hauteur : 85 euros<\/p>\n<p><strong>Frais de port<\/strong> :<br \/>\npour un abat-jour de 40 cm : 13 euros en relais colis chronopost<\/p>\n<p>pour les lampes tubes et la lampe double mati\u00e8re, 10 euros en colissimo ou 5 euros en relais<\/p>\n<p><strong>Moyens de r\u00e8glement :<\/strong><br \/>\nPaypal, ch\u00e8que, virement ou Lydia<\/p>\n","protected":false},"excerpt":{"rendered":"<p>Description :\u00a0 Joli tissu Bohemian Rapsody de Th\u00e9venon au d\u00e9cor d&rsquo;\u00e9l\u00e9phants et chevaux laize de 140 cm Diam\u00e8tre maxi : 45 cm avec un raccord de biais \u00e0 l&rsquo;arri\u00e8re Id\u00e9al pour r\u00e9aliser un abat-jour de lampadaire ou de suspension de 40 cm de diam\u00e8tre sur 30 cm de hauteur Abat-jour en 40 cm de diam\u00e8tre\u00a0 [&hellip;]<\/p>\n","protected":false},"featured_media":6724,"comment_status":"open","ping_status":"closed","template":"","meta":[],"product_brand":[],"product_cat":[58,60,59],"product_tag":[],"class_list":{"0":"post-6720","1":"product","2":"type-product","3":"status-publish","4":"has-post-thumbnail","6":"product_cat-tissus","7":"product_cat-tissus-exotiques","8":"product_cat-tissus-tendance","10":"first","11":"instock","12":"shipping-taxable","13":"product-type-simple"},"_links":{"self":[{"href":"https:\/\/esprit-lumieres.com\/index.php\/wp-json\/wp\/v2\/product\/6720","targetHints":{"allow":["GET"]}}],"collection":[{"href":"https:\/\/esprit-lumieres.com\/index.php\/wp-json\/wp\/v2\/product"}],"about":[{"href":"https:\/\/esprit-lumieres.com\/index.php\/wp-json\/wp\/v2\/types\/product"}],"replies":[{"embeddable":true,"href":"https:\/\/esprit-lumieres.com\/index.php\/wp-json\/wp\/v2\/comments?post=6720"}],"wp:featuredmedia":[{"embeddable":true,"href":"https:\/\/esprit-lumieres.com\/index.php\/wp-json\/wp\/v2\/media\/6724"}],"wp:attachment":[{"href":"https:\/\/esprit-lumieres.com\/index.php\/wp-json\/wp\/v2\/media?parent=6720"}],"wp:term":[{"taxonomy":"product_brand","embeddable":true,"href":"https:\/\/esprit-lumieres.com\/index.php\/wp-json\/wp\/v2\/product_brand?post=6720"},{"taxonomy":"product_cat","embeddable":true,"href":"https:\/\/esprit-lumieres.com\/index.php\/wp-json\/wp\/v2\/product_cat?post=6720"},{"taxonomy":"product_tag","embeddable":true,"href":"https:\/\/esprit-lumieres.com\/index.php\/wp-json\/wp\/v2\/product_tag?post=6720"}],"curies":[{"name":"wp","href":"https:\/\/api.w.org\/{rel}","templated":true}]}}