{"id":6567,"date":"2023-01-03T17:09:35","date_gmt":"2023-01-03T16:09:35","guid":{"rendered":"https:\/\/esprit-lumieres.com\/?post_type=product&#038;p=6567"},"modified":"2024-05-23T19:08:57","modified_gmt":"2024-05-23T17:08:57","slug":"applique-demi-lune-theme-etiquette-de-vin","status":"publish","type":"product","link":"https:\/\/esprit-lumieres.com\/index.php\/product\/applique-demi-lune-theme-etiquette-de-vin\/","title":{"rendered":"Applique demi-lune \u00ab\u00a0th\u00e8me \u00e9tiquette de vin\u00a0\u00bb"},"content":{"rendered":"<p><img decoding=\"async\" src=\"http:\/\/www.esprit-lumieres.com\/images\/picto\/etoile_rose.png\" alt=\"\" border=\"0\" \/>\u00a0<span class=\"rose_titre\">Description<\/span><br \/>\nApplique demi lune th\u00e8me \u00e9tiquette de vin<\/p>\n<p>Th\u00e8me d\u00e9clinable en lampe \u00e0 poser, en abat-jour ou en suspension<\/p>\n<p><img decoding=\"async\" src=\"http:\/\/www.esprit-lumieres.com\/images\/picto\/etoile_rose.png\" alt=\"\" border=\"0\" \/>\u00a0<span class=\"rose_titre\">Dimensions<br \/>\n<\/span>20 cm sur 20 cm : 52 euros pi\u00e8ce<br \/>\n25 cm sur 25 cm : 58 euros pi\u00e8ce<br \/>\n30 cm sur 20 cm : 58 euros pi\u00e8ce<\/p>\n<p><img decoding=\"async\" src=\"http:\/\/www.esprit-lumieres.com\/images\/picto\/etoile_rose.png\" alt=\"\" border=\"0\" \/>\u00a0<span class=\"rose_titre\">Frais de port<\/span><br \/>\n9 euros en colissimo<\/p>\n<p><img decoding=\"async\" src=\"http:\/\/www.esprit-lumieres.com\/images\/picto\/etoile_rose.png\" alt=\"\" border=\"0\" \/>\u00a0<span class=\"rose_titre\">Moyens de paiement<\/span><br \/>\nch\u00e8que, virement ou Paypal<\/p>\n","protected":false},"excerpt":{"rendered":"<p>\u00a0Description Applique demi lune th\u00e8me \u00e9tiquette de vin Th\u00e8me d\u00e9clinable en lampe \u00e0 poser, en abat-jour ou en suspension \u00a0Dimensions 20 cm sur 20 cm : 52 euros pi\u00e8ce 25 cm sur 25 cm : 58 euros pi\u00e8ce 30 cm sur 20 cm : 58 euros pi\u00e8ce \u00a0Frais de port 9 euros en colissimo \u00a0Moyens [&hellip;]<\/p>\n","protected":false},"featured_media":6572,"comment_status":"open","ping_status":"closed","template":"","meta":[],"product_brand":[],"product_cat":[18,212],"product_tag":[],"class_list":{"0":"post-6567","1":"product","2":"type-product","3":"status-publish","4":"has-post-thumbnail","6":"product_cat-appliques","7":"product_cat-appliques_demi-lune","9":"first","10":"instock","11":"shipping-taxable","12":"purchasable","13":"product-type-variable"},"_links":{"self":[{"href":"https:\/\/esprit-lumieres.com\/index.php\/wp-json\/wp\/v2\/product\/6567","targetHints":{"allow":["GET"]}}],"collection":[{"href":"https:\/\/esprit-lumieres.com\/index.php\/wp-json\/wp\/v2\/product"}],"about":[{"href":"https:\/\/esprit-lumieres.com\/index.php\/wp-json\/wp\/v2\/types\/product"}],"replies":[{"embeddable":true,"href":"https:\/\/esprit-lumieres.com\/index.php\/wp-json\/wp\/v2\/comments?post=6567"}],"wp:featuredmedia":[{"embeddable":true,"href":"https:\/\/esprit-lumieres.com\/index.php\/wp-json\/wp\/v2\/media\/6572"}],"wp:attachment":[{"href":"https:\/\/esprit-lumieres.com\/index.php\/wp-json\/wp\/v2\/media?parent=6567"}],"wp:term":[{"taxonomy":"product_brand","embeddable":true,"href":"https:\/\/esprit-lumieres.com\/index.php\/wp-json\/wp\/v2\/product_brand?post=6567"},{"taxonomy":"product_cat","embeddable":true,"href":"https:\/\/esprit-lumieres.com\/index.php\/wp-json\/wp\/v2\/product_cat?post=6567"},{"taxonomy":"product_tag","embeddable":true,"href":"https:\/\/esprit-lumieres.com\/index.php\/wp-json\/wp\/v2\/product_tag?post=6567"}],"curies":[{"name":"wp","href":"https:\/\/api.w.org\/{rel}","templated":true}]}}