{"id":6395,"date":"2022-08-30T09:56:34","date_gmt":"2022-08-30T07:56:34","guid":{"rendered":"https:\/\/esprit-lumieres.com\/?post_type=product&#038;p=6395"},"modified":"2024-11-11T21:09:38","modified_gmt":"2024-11-11T20:09:38","slug":"abat-jour-vues-de-tahiti","status":"publish","type":"product","link":"https:\/\/esprit-lumieres.com\/index.php\/product\/abat-jour-vues-de-tahiti\/","title":{"rendered":"Abat-jour \u00ab\u00a0gravures et rabane\u00a0\u00bb"},"content":{"rendered":"<p>Description<br \/>\nCollection Abat-jour pagode rectangulaire<\/p>\n<p>plusieurs tailles possibles,<\/p>\n<p><span class=\"rose_titre\">Dimensions<br \/>\n<\/span>largeur 20 cm : 75 euros<br \/>\ndiam\u00e8tre 25 cm : 85 euros<br \/>\ndiam\u00e8tre 30 cm : 95 euros<br \/>\ndiam\u00e8tre 35 cm : 105 euros<\/p>\n<p><img decoding=\"async\" src=\"https:\/\/esprit-lumieres.com\/index.php\/product\/abat-jour-theme-beatrix-potter\/images\/picto\/etoile_rose.png\" alt=\"\" border=\"0\" \/>\u00a0<span class=\"rose_titre\">Frais de port<\/span><\/p>\n<p>10 euros en colissimo<\/p>\n<p><img decoding=\"async\" src=\"https:\/\/esprit-lumieres.com\/index.php\/product\/abat-jour-theme-beatrix-potter\/images\/picto\/etoile_rose.png\" alt=\"\" border=\"0\" \/>\u00a0<span class=\"rose_titre\">Moyens de paieme<\/span>nt<\/p>\n<p>ch\u00e8que, virement ou Paypal<\/p>\n","protected":false},"excerpt":{"rendered":"<p>Description Collection Abat-jour pagode rectangulaire plusieurs tailles possibles, Dimensions largeur 20 cm : 75 euros diam\u00e8tre 25 cm : 85 euros diam\u00e8tre 30 cm : 95 euros diam\u00e8tre 35 cm : 105 euros \u00a0Frais de port 10 euros en colissimo \u00a0Moyens de paiement ch\u00e8que, virement ou Paypal<\/p>\n","protected":false},"featured_media":6547,"comment_status":"open","ping_status":"closed","template":"","meta":[],"product_brand":[],"product_cat":[17,224],"product_tag":[],"class_list":{"0":"post-6395","1":"product","2":"type-product","3":"status-publish","4":"has-post-thumbnail","6":"product_cat-abat-jour","7":"product_cat-abat-jour_rectangle","9":"first","10":"instock","11":"shipping-taxable","12":"purchasable","13":"product-type-variable"},"_links":{"self":[{"href":"https:\/\/esprit-lumieres.com\/index.php\/wp-json\/wp\/v2\/product\/6395","targetHints":{"allow":["GET"]}}],"collection":[{"href":"https:\/\/esprit-lumieres.com\/index.php\/wp-json\/wp\/v2\/product"}],"about":[{"href":"https:\/\/esprit-lumieres.com\/index.php\/wp-json\/wp\/v2\/types\/product"}],"replies":[{"embeddable":true,"href":"https:\/\/esprit-lumieres.com\/index.php\/wp-json\/wp\/v2\/comments?post=6395"}],"wp:featuredmedia":[{"embeddable":true,"href":"https:\/\/esprit-lumieres.com\/index.php\/wp-json\/wp\/v2\/media\/6547"}],"wp:attachment":[{"href":"https:\/\/esprit-lumieres.com\/index.php\/wp-json\/wp\/v2\/media?parent=6395"}],"wp:term":[{"taxonomy":"product_brand","embeddable":true,"href":"https:\/\/esprit-lumieres.com\/index.php\/wp-json\/wp\/v2\/product_brand?post=6395"},{"taxonomy":"product_cat","embeddable":true,"href":"https:\/\/esprit-lumieres.com\/index.php\/wp-json\/wp\/v2\/product_cat?post=6395"},{"taxonomy":"product_tag","embeddable":true,"href":"https:\/\/esprit-lumieres.com\/index.php\/wp-json\/wp\/v2\/product_tag?post=6395"}],"curies":[{"name":"wp","href":"https:\/\/api.w.org\/{rel}","templated":true}]}}