{"id":6348,"date":"2022-05-30T10:47:19","date_gmt":"2022-05-30T08:47:19","guid":{"rendered":"https:\/\/esprit-lumieres.com\/?post_type=product&#038;p=6348"},"modified":"2022-05-30T10:48:08","modified_gmt":"2022-05-30T08:48:08","slug":"suspension-fleur-double-face-tissu-et-rabane","status":"publish","type":"product","link":"https:\/\/esprit-lumieres.com\/index.php\/product\/suspension-fleur-double-face-tissu-et-rabane\/","title":{"rendered":"Suspension fleur double face tissu et rabane"},"content":{"rendered":"<p>Description<\/p>\n<div id=\"tab-description\" class=\"woocommerce-Tabs-panel woocommerce-Tabs-panel--description panel entry-content wc-tab\" role=\"tabpanel\" aria-labelledby=\"tab-title-description\">\n<p>Suspension p\u00e9tales fleur double face rabane et tissu<br \/>\ndiam\u00e8tre : 48 cm<br \/>\ncouleur du biais au choix ou finition naturelle<\/p>\n<p>\u00e0 d\u00e9cliner dans le tissu de votre choix<\/p>\n<p>Fil \u00e9lectrique fourni, ampoule non fournie<\/p>\n<p><img decoding=\"async\" src=\"http:\/\/www.esprit-lumieres.com\/images\/picto\/etoile_rose.png\" alt=\"\" border=\"0\" \/>\u00a0<span class=\"rose_titre\">Frais de port<\/span><br \/>\n13 euros, livraison en relais Chronopost proche de votre adresse<\/p>\n<\/div>\n","protected":false},"excerpt":{"rendered":"<p>Description Suspension p\u00e9tales fleur double face rabane et tissu diam\u00e8tre : 48 cm couleur du biais au choix ou finition naturelle \u00e0 d\u00e9cliner dans le tissu de votre choix Fil \u00e9lectrique fourni, ampoule non fournie \u00a0Frais de port 13 euros, livraison en relais Chronopost proche de votre adresse<\/p>\n","protected":false},"featured_media":6353,"comment_status":"open","ping_status":"closed","template":"","meta":[],"product_brand":[],"product_cat":[21],"product_tag":[],"class_list":{"0":"post-6348","1":"product","2":"type-product","3":"status-publish","4":"has-post-thumbnail","6":"product_cat-luminaires","8":"first","9":"instock","10":"shipping-taxable","11":"purchasable","12":"product-type-simple"},"_links":{"self":[{"href":"https:\/\/esprit-lumieres.com\/index.php\/wp-json\/wp\/v2\/product\/6348","targetHints":{"allow":["GET"]}}],"collection":[{"href":"https:\/\/esprit-lumieres.com\/index.php\/wp-json\/wp\/v2\/product"}],"about":[{"href":"https:\/\/esprit-lumieres.com\/index.php\/wp-json\/wp\/v2\/types\/product"}],"replies":[{"embeddable":true,"href":"https:\/\/esprit-lumieres.com\/index.php\/wp-json\/wp\/v2\/comments?post=6348"}],"wp:featuredmedia":[{"embeddable":true,"href":"https:\/\/esprit-lumieres.com\/index.php\/wp-json\/wp\/v2\/media\/6353"}],"wp:attachment":[{"href":"https:\/\/esprit-lumieres.com\/index.php\/wp-json\/wp\/v2\/media?parent=6348"}],"wp:term":[{"taxonomy":"product_brand","embeddable":true,"href":"https:\/\/esprit-lumieres.com\/index.php\/wp-json\/wp\/v2\/product_brand?post=6348"},{"taxonomy":"product_cat","embeddable":true,"href":"https:\/\/esprit-lumieres.com\/index.php\/wp-json\/wp\/v2\/product_cat?post=6348"},{"taxonomy":"product_tag","embeddable":true,"href":"https:\/\/esprit-lumieres.com\/index.php\/wp-json\/wp\/v2\/product_tag?post=6348"}],"curies":[{"name":"wp","href":"https:\/\/api.w.org\/{rel}","templated":true}]}}