{"id":6303,"date":"2022-05-20T10:20:58","date_gmt":"2022-05-20T08:20:58","guid":{"rendered":"https:\/\/esprit-lumieres.com\/?post_type=product&#038;p=6303"},"modified":"2022-12-29T13:08:43","modified_gmt":"2022-12-29T12:08:43","slug":"lampe-silhouette-downton-abbey","status":"publish","type":"product","link":"https:\/\/esprit-lumieres.com\/index.php\/product\/lampe-silhouette-downton-abbey\/","title":{"rendered":"Lampe silhouette Downton Abbey"},"content":{"rendered":"<p><span class=\"rose_titre\">Description :<\/span><\/p>\n<p>Lampe silhouette \u00ab\u00a0Downton abbey\u00a0\u00bb, mod\u00e8le Thomas ou mod\u00e8le Sisters<\/p>\n<p>paire possible.<\/p>\n<p>Prix sur demande, r\u00e9alisable sur commande<\/p>\n<p><img decoding=\"async\" src=\"http:\/\/www.esprit-lumieres.com\/images\/picto\/etoile_rose.png\" alt=\"\" border=\"0\" \/>\u00a0<span class=\"rose_titre\">Frais de port<\/span><br \/>\n9 euros pour une lampe ,11 euros pour la paire<\/p>\n<p><img decoding=\"async\" src=\"http:\/\/www.esprit-lumieres.com\/images\/picto\/etoile_rose.png\" alt=\"\" border=\"0\" \/>\u00a0<span class=\"rose_titre\">Moyens de paiement<\/span><br \/>\nch\u00e8que, virement ou Paypal<\/p>\n","protected":false},"excerpt":{"rendered":"<p>Description : Lampe silhouette \u00ab\u00a0Downton abbey\u00a0\u00bb, mod\u00e8le Thomas ou mod\u00e8le Sisters paire possible. Prix sur demande, r\u00e9alisable sur commande \u00a0Frais de port 9 euros pour une lampe ,11 euros pour la paire \u00a0Moyens de paiement ch\u00e8que, virement ou Paypal<\/p>\n","protected":false},"featured_media":6304,"comment_status":"open","ping_status":"closed","template":"","meta":[],"product_brand":[],"product_cat":[220],"product_tag":[],"class_list":{"0":"post-6303","1":"product","2":"type-product","3":"status-publish","4":"has-post-thumbnail","6":"product_cat-lampes_umbra_luci","8":"first","9":"instock","10":"shipping-taxable","11":"product-type-simple"},"_links":{"self":[{"href":"https:\/\/esprit-lumieres.com\/index.php\/wp-json\/wp\/v2\/product\/6303","targetHints":{"allow":["GET"]}}],"collection":[{"href":"https:\/\/esprit-lumieres.com\/index.php\/wp-json\/wp\/v2\/product"}],"about":[{"href":"https:\/\/esprit-lumieres.com\/index.php\/wp-json\/wp\/v2\/types\/product"}],"replies":[{"embeddable":true,"href":"https:\/\/esprit-lumieres.com\/index.php\/wp-json\/wp\/v2\/comments?post=6303"}],"wp:featuredmedia":[{"embeddable":true,"href":"https:\/\/esprit-lumieres.com\/index.php\/wp-json\/wp\/v2\/media\/6304"}],"wp:attachment":[{"href":"https:\/\/esprit-lumieres.com\/index.php\/wp-json\/wp\/v2\/media?parent=6303"}],"wp:term":[{"taxonomy":"product_brand","embeddable":true,"href":"https:\/\/esprit-lumieres.com\/index.php\/wp-json\/wp\/v2\/product_brand?post=6303"},{"taxonomy":"product_cat","embeddable":true,"href":"https:\/\/esprit-lumieres.com\/index.php\/wp-json\/wp\/v2\/product_cat?post=6303"},{"taxonomy":"product_tag","embeddable":true,"href":"https:\/\/esprit-lumieres.com\/index.php\/wp-json\/wp\/v2\/product_tag?post=6303"}],"curies":[{"name":"wp","href":"https:\/\/api.w.org\/{rel}","templated":true}]}}