{"id":6185,"date":"2021-12-29T16:56:23","date_gmt":"2021-12-29T15:56:23","guid":{"rendered":"https:\/\/esprit-lumieres.com\/?post_type=product&#038;p=6185"},"modified":"2022-10-28T13:53:24","modified_gmt":"2022-10-28T11:53:24","slug":"baladeuse-bord-festonne","status":"publish","type":"product","link":"https:\/\/esprit-lumieres.com\/index.php\/product\/baladeuse-bord-festonne\/","title":{"rendered":"Baladeuse bord festonn\u00e9"},"content":{"rendered":"<p><strong>\u00a0Description<br \/>\n<\/strong><\/p>\n<p>Petite baladeuse r\u00e9alisable dans le tissu de votre choix, \u00e9quip\u00e9e d&rsquo;un cordon \u00e9lectrique<\/p>\n<p><img decoding=\"async\" src=\"http:\/\/www.esprit-lumieres.com\/images\/picto\/etoile_rose.png\" alt=\"\" border=\"0\" \/>\u00a0<strong><span class=\"rose_titre\">Frais de port<\/span><\/strong><br \/>\n7 euros en colissimo ou 5 euros en Mondial Relay<\/p>\n<p><strong><img decoding=\"async\" src=\"http:\/\/www.esprit-lumieres.com\/images\/picto\/etoile_rose.png\" alt=\"\" border=\"0\" \/>\u00a0<span class=\"rose_titre\">Moyens de paiement<\/span><\/strong><br \/>\nch\u00e8que, virement ou Paypal<\/p>\n","protected":false},"excerpt":{"rendered":"<p>\u00a0Description Petite baladeuse r\u00e9alisable dans le tissu de votre choix, \u00e9quip\u00e9e d&rsquo;un cordon \u00e9lectrique \u00a0Frais de port 7 euros en colissimo ou 5 euros en Mondial Relay \u00a0Moyens de paiement ch\u00e8que, virement ou Paypal<\/p>\n","protected":false},"featured_media":6186,"comment_status":"open","ping_status":"closed","template":"","meta":[],"product_brand":[],"product_cat":[217],"product_tag":[],"class_list":{"0":"post-6185","1":"product","2":"type-product","3":"status-publish","4":"has-post-thumbnail","6":"product_cat-baladeuses","8":"first","9":"instock","10":"shipping-taxable","11":"purchasable","12":"product-type-simple"},"_links":{"self":[{"href":"https:\/\/esprit-lumieres.com\/index.php\/wp-json\/wp\/v2\/product\/6185","targetHints":{"allow":["GET"]}}],"collection":[{"href":"https:\/\/esprit-lumieres.com\/index.php\/wp-json\/wp\/v2\/product"}],"about":[{"href":"https:\/\/esprit-lumieres.com\/index.php\/wp-json\/wp\/v2\/types\/product"}],"replies":[{"embeddable":true,"href":"https:\/\/esprit-lumieres.com\/index.php\/wp-json\/wp\/v2\/comments?post=6185"}],"wp:featuredmedia":[{"embeddable":true,"href":"https:\/\/esprit-lumieres.com\/index.php\/wp-json\/wp\/v2\/media\/6186"}],"wp:attachment":[{"href":"https:\/\/esprit-lumieres.com\/index.php\/wp-json\/wp\/v2\/media?parent=6185"}],"wp:term":[{"taxonomy":"product_brand","embeddable":true,"href":"https:\/\/esprit-lumieres.com\/index.php\/wp-json\/wp\/v2\/product_brand?post=6185"},{"taxonomy":"product_cat","embeddable":true,"href":"https:\/\/esprit-lumieres.com\/index.php\/wp-json\/wp\/v2\/product_cat?post=6185"},{"taxonomy":"product_tag","embeddable":true,"href":"https:\/\/esprit-lumieres.com\/index.php\/wp-json\/wp\/v2\/product_tag?post=6185"}],"curies":[{"name":"wp","href":"https:\/\/api.w.org\/{rel}","templated":true}]}}