{"id":6037,"date":"2021-10-17T21:20:17","date_gmt":"2021-10-17T19:20:17","guid":{"rendered":"https:\/\/esprit-lumieres.com\/?post_type=product&#038;p=6037"},"modified":"2021-10-18T09:52:46","modified_gmt":"2021-10-18T07:52:46","slug":"suspension-festonnee-en-liberty-au-choix","status":"publish","type":"product","link":"https:\/\/esprit-lumieres.com\/index.php\/product\/suspension-festonnee-en-liberty-au-choix\/","title":{"rendered":"suspension festonn\u00e9e en Liberty (au choix)"},"content":{"rendered":"<p><img decoding=\"async\" src=\"http:\/\/www.esprit-lumieres.com\/images\/picto\/etoile_rose.png\" alt=\"\" border=\"0\" \/>\u00a0<span class=\"rose_titre\">Description<\/span><br \/>\nJolie suspension festonn\u00e9e en Liberty (Liberty au choix)<br \/>\nLe haut est maintenu par un beau ruban en satin cr\u00e8me et les festons sont soulign\u00e9s d&rsquo;une soutache cr\u00e8me.<\/p>\n<p><img decoding=\"async\" src=\"http:\/\/www.esprit-lumieres.com\/images\/picto\/etoile_rose.png\" alt=\"\" border=\"0\" \/>\u00a0<span class=\"rose_titre\">Dimensions<br \/>\n<\/span>Diam\u00e8tre haut : 30 cm, diam\u00e8tre bas : 40 cm<\/p>\n<p>pr\u00e9voir 8 euros si besoin d&rsquo;un fil<\/p>\n<p><img decoding=\"async\" src=\"http:\/\/www.esprit-lumieres.com\/images\/picto\/etoile_rose.png\" alt=\"\" border=\"0\" \/>\u00a0<span class=\"rose_titre\">Frais de port<\/span><br \/>\n13 euros en relais chronopost<\/p>\n<p><img decoding=\"async\" src=\"http:\/\/www.esprit-lumieres.com\/images\/picto\/etoile_rose.png\" alt=\"\" border=\"0\" \/>\u00a0<span class=\"rose_titre\">Moyens de paiement<\/span><br \/>\nCh\u00e8que, Paypal ou virement<\/p>\n","protected":false},"excerpt":{"rendered":"<p>\u00a0Description Jolie suspension festonn\u00e9e en Liberty (Liberty au choix) Le haut est maintenu par un beau ruban en satin cr\u00e8me et les festons sont soulign\u00e9s d&rsquo;une soutache cr\u00e8me. \u00a0Dimensions Diam\u00e8tre haut : 30 cm, diam\u00e8tre bas : 40 cm pr\u00e9voir 8 euros si besoin d&rsquo;un fil \u00a0Frais de port 13 euros en relais chronopost \u00a0Moyens [&hellip;]<\/p>\n","protected":false},"featured_media":6038,"comment_status":"open","ping_status":"closed","template":"","meta":[],"product_brand":[],"product_cat":[17,21],"product_tag":[],"class_list":{"0":"post-6037","1":"product","2":"type-product","3":"status-publish","4":"has-post-thumbnail","6":"product_cat-abat-jour","7":"product_cat-luminaires","9":"first","10":"instock","11":"shipping-taxable","12":"purchasable","13":"product-type-simple"},"_links":{"self":[{"href":"https:\/\/esprit-lumieres.com\/index.php\/wp-json\/wp\/v2\/product\/6037","targetHints":{"allow":["GET"]}}],"collection":[{"href":"https:\/\/esprit-lumieres.com\/index.php\/wp-json\/wp\/v2\/product"}],"about":[{"href":"https:\/\/esprit-lumieres.com\/index.php\/wp-json\/wp\/v2\/types\/product"}],"replies":[{"embeddable":true,"href":"https:\/\/esprit-lumieres.com\/index.php\/wp-json\/wp\/v2\/comments?post=6037"}],"wp:featuredmedia":[{"embeddable":true,"href":"https:\/\/esprit-lumieres.com\/index.php\/wp-json\/wp\/v2\/media\/6038"}],"wp:attachment":[{"href":"https:\/\/esprit-lumieres.com\/index.php\/wp-json\/wp\/v2\/media?parent=6037"}],"wp:term":[{"taxonomy":"product_brand","embeddable":true,"href":"https:\/\/esprit-lumieres.com\/index.php\/wp-json\/wp\/v2\/product_brand?post=6037"},{"taxonomy":"product_cat","embeddable":true,"href":"https:\/\/esprit-lumieres.com\/index.php\/wp-json\/wp\/v2\/product_cat?post=6037"},{"taxonomy":"product_tag","embeddable":true,"href":"https:\/\/esprit-lumieres.com\/index.php\/wp-json\/wp\/v2\/product_tag?post=6037"}],"curies":[{"name":"wp","href":"https:\/\/api.w.org\/{rel}","templated":true}]}}