{"id":5979,"date":"2021-06-15T15:16:44","date_gmt":"2021-06-15T13:16:44","guid":{"rendered":"https:\/\/esprit-lumieres.com\/?post_type=product&#038;p=5979"},"modified":"2021-06-15T17:24:55","modified_gmt":"2021-06-15T15:24:55","slug":"suspension-triple-rabane-tissu","status":"publish","type":"product","link":"https:\/\/esprit-lumieres.com\/index.php\/product\/suspension-triple-rabane-tissu\/","title":{"rendered":"suspension triple rabane\/tissu"},"content":{"rendered":"<p>Description<br \/>\nCollection Abat-jour tambour 3 niveaux rabane et tissu<\/p>\n<p>plusieurs tailles possibles en abat-jour ou suspension<\/p>\n<p><span class=\"rose_titre\">Dimensions<br \/>\n<\/span>diam\u00e8tre 30 cm : 109euros<br \/>\ndiam\u00e8tre 35 cm : 139euros<br \/>\ndiam\u00e8tre : 40 cm : 169 euros<br \/>\ndiam\u00e8tre 45 cm : 189 euros (uniquement pour les tissus en grande largeur)<\/p>\n<p>&nbsp;<\/p>\n<p>Pour les suspensions pr\u00e9voir 8 euros si besoin d\u2019un fil<\/p>\n<p><img decoding=\"async\" src=\"https:\/\/esprit-lumieres.com\/index.php\/product\/abat-jour-theme-beatrix-potter\/images\/picto\/etoile_rose.png\" alt=\"\" border=\"0\" \/>\u00a0<span class=\"rose_titre\">Frais de port<\/span><\/p>\n<p>9 euros en colisimo pour le diam\u00e8tre 30 cm<br \/>\n13 euros en envoi chronopost avec livraison en relais Chronopost pour les diam\u00e8tres de 35 \u00e0 45 cm<\/p>\n<p><img decoding=\"async\" src=\"https:\/\/esprit-lumieres.com\/index.php\/product\/abat-jour-theme-beatrix-potter\/images\/picto\/etoile_rose.png\" alt=\"\" border=\"0\" \/>\u00a0<span class=\"rose_titre\">Moyens de paiement<\/span><br \/>\nch\u00e8que, virement ou Paypal<\/p>\n","protected":false},"excerpt":{"rendered":"<p>Description Collection Abat-jour tambour 3 niveaux rabane et tissu plusieurs tailles possibles en abat-jour ou suspension Dimensions diam\u00e8tre 30 cm : 109euros diam\u00e8tre 35 cm : 139euros diam\u00e8tre : 40 cm : 169 euros diam\u00e8tre 45 cm : 189 euros (uniquement pour les tissus en grande largeur) &nbsp; Pour les suspensions pr\u00e9voir 8 euros si [&hellip;]<\/p>\n","protected":false},"featured_media":5980,"comment_status":"open","ping_status":"closed","template":"","meta":[],"product_brand":[],"product_cat":[17,218,21],"product_tag":[],"class_list":{"0":"post-5979","1":"product","2":"type-product","3":"status-publish","4":"has-post-thumbnail","6":"product_cat-abat-jour","7":"product_cat-abat-jour_double_niveau","8":"product_cat-luminaires","10":"first","11":"instock","12":"shipping-taxable","13":"purchasable","14":"product-type-variable"},"_links":{"self":[{"href":"https:\/\/esprit-lumieres.com\/index.php\/wp-json\/wp\/v2\/product\/5979","targetHints":{"allow":["GET"]}}],"collection":[{"href":"https:\/\/esprit-lumieres.com\/index.php\/wp-json\/wp\/v2\/product"}],"about":[{"href":"https:\/\/esprit-lumieres.com\/index.php\/wp-json\/wp\/v2\/types\/product"}],"replies":[{"embeddable":true,"href":"https:\/\/esprit-lumieres.com\/index.php\/wp-json\/wp\/v2\/comments?post=5979"}],"wp:featuredmedia":[{"embeddable":true,"href":"https:\/\/esprit-lumieres.com\/index.php\/wp-json\/wp\/v2\/media\/5980"}],"wp:attachment":[{"href":"https:\/\/esprit-lumieres.com\/index.php\/wp-json\/wp\/v2\/media?parent=5979"}],"wp:term":[{"taxonomy":"product_brand","embeddable":true,"href":"https:\/\/esprit-lumieres.com\/index.php\/wp-json\/wp\/v2\/product_brand?post=5979"},{"taxonomy":"product_cat","embeddable":true,"href":"https:\/\/esprit-lumieres.com\/index.php\/wp-json\/wp\/v2\/product_cat?post=5979"},{"taxonomy":"product_tag","embeddable":true,"href":"https:\/\/esprit-lumieres.com\/index.php\/wp-json\/wp\/v2\/product_tag?post=5979"}],"curies":[{"name":"wp","href":"https:\/\/api.w.org\/{rel}","templated":true}]}}