{"id":5957,"date":"2021-06-15T13:35:08","date_gmt":"2021-06-15T11:35:08","guid":{"rendered":"https:\/\/esprit-lumieres.com\/?post_type=product&#038;p=5957"},"modified":"2021-06-15T13:35:52","modified_gmt":"2021-06-15T11:35:52","slug":"applique-tambour-rabane-et-tissu","status":"publish","type":"product","link":"https:\/\/esprit-lumieres.com\/index.php\/product\/applique-tambour-rabane-et-tissu\/","title":{"rendered":"Applique tambour rabane et tissu"},"content":{"rendered":"<p><img decoding=\"async\" src=\"http:\/\/www.esprit-lumieres.com\/images\/picto\/etoile_rose.png\" alt=\"\" border=\"0\" \/>\u00a0<span class=\"rose_titre\">Description<\/span><br \/>\nApplique tambour rabane\/tissu<br \/>\nr\u00e9alisable avec le tissu de votre choix<\/p>\n<p>avec ou sans fil<\/p>\n<p>en 25 cm de diam\u00e8tre<\/p>\n<p>sans fil : 65 euros<br \/>\nfil blanc : 70 euros<br \/>\nfil couleur : 78 euros<\/p>\n<p>En 30 cm de diam\u00e8tre<\/p>\n<p>sans fil : 70 euros<br \/>\nfil blanc : 75 euros<br \/>\nfil couleur : 83 euros<\/p>\n<p>dimensions :<\/p>\n<p>25 cm de diam\u00e8tre sur 10 cm de profondeur<br \/>\n30 cm de diam\u00e8tre sur 10 cm de profondeur<\/p>\n<p><img decoding=\"async\" src=\"http:\/\/www.esprit-lumieres.com\/images\/picto\/etoile_rose.png\" alt=\"\" border=\"0\" \/>\u00a0<span class=\"rose_titre\">Frais de port<\/span><br \/>\n9 euros en colissimo<\/p>\n<p><img decoding=\"async\" src=\"http:\/\/www.esprit-lumieres.com\/images\/picto\/etoile_rose.png\" alt=\"\" border=\"0\" \/>\u00a0<span class=\"rose_titre\">Moyens de paiement<\/span><br \/>\nch\u00e8que, virement ou Paypal<\/p>\n","protected":false},"excerpt":{"rendered":"<p>\u00a0Description Applique tambour rabane\/tissu r\u00e9alisable avec le tissu de votre choix avec ou sans fil en 25 cm de diam\u00e8tre sans fil : 65 euros fil blanc : 70 euros fil couleur : 78 euros En 30 cm de diam\u00e8tre sans fil : 70 euros fil blanc : 75 euros fil couleur : 83 euros [&hellip;]<\/p>\n","protected":false},"featured_media":5937,"comment_status":"open","ping_status":"closed","template":"","meta":[],"product_brand":[],"product_cat":[18,210],"product_tag":[],"class_list":{"0":"post-5957","1":"product","2":"type-product","3":"status-publish","4":"has-post-thumbnail","6":"product_cat-appliques","7":"product_cat-applique-tambour","9":"first","10":"instock","11":"shipping-taxable","12":"purchasable","13":"product-type-variable"},"_links":{"self":[{"href":"https:\/\/esprit-lumieres.com\/index.php\/wp-json\/wp\/v2\/product\/5957","targetHints":{"allow":["GET"]}}],"collection":[{"href":"https:\/\/esprit-lumieres.com\/index.php\/wp-json\/wp\/v2\/product"}],"about":[{"href":"https:\/\/esprit-lumieres.com\/index.php\/wp-json\/wp\/v2\/types\/product"}],"replies":[{"embeddable":true,"href":"https:\/\/esprit-lumieres.com\/index.php\/wp-json\/wp\/v2\/comments?post=5957"}],"wp:featuredmedia":[{"embeddable":true,"href":"https:\/\/esprit-lumieres.com\/index.php\/wp-json\/wp\/v2\/media\/5937"}],"wp:attachment":[{"href":"https:\/\/esprit-lumieres.com\/index.php\/wp-json\/wp\/v2\/media?parent=5957"}],"wp:term":[{"taxonomy":"product_brand","embeddable":true,"href":"https:\/\/esprit-lumieres.com\/index.php\/wp-json\/wp\/v2\/product_brand?post=5957"},{"taxonomy":"product_cat","embeddable":true,"href":"https:\/\/esprit-lumieres.com\/index.php\/wp-json\/wp\/v2\/product_cat?post=5957"},{"taxonomy":"product_tag","embeddable":true,"href":"https:\/\/esprit-lumieres.com\/index.php\/wp-json\/wp\/v2\/product_tag?post=5957"}],"curies":[{"name":"wp","href":"https:\/\/api.w.org\/{rel}","templated":true}]}}