{"id":5840,"date":"2021-04-21T11:39:29","date_gmt":"2021-04-21T09:39:29","guid":{"rendered":"https:\/\/esprit-lumieres.com\/?post_type=product&#038;p=5840"},"modified":"2021-04-21T11:39:32","modified_gmt":"2021-04-21T09:39:32","slug":"tissu-mesanges-thevenon","status":"publish","type":"product","link":"https:\/\/esprit-lumieres.com\/index.php\/product\/tissu-mesanges-thevenon\/","title":{"rendered":"Tissu m\u00e9sanges (Th\u00e9venon)"},"content":{"rendered":"<p>diam\u00e8tre maxi pour un abat-jour : 45 cm avec raccord biais<\/p>\n<p>Laize de 140 cm<\/p>\n<p>tr\u00e8s peu de stock<\/p>\n","protected":false},"excerpt":{"rendered":"<p>diam\u00e8tre maxi pour un abat-jour : 45 cm avec raccord biais Laize de 140 cm tr\u00e8s peu de stock<\/p>\n","protected":false},"featured_media":5844,"comment_status":"open","ping_status":"closed","template":"","meta":[],"product_brand":[],"product_cat":[62,58,60],"product_tag":[],"class_list":{"0":"post-5840","1":"product","2":"type-product","3":"status-publish","4":"has-post-thumbnail","6":"product_cat-tissus-divers","7":"product_cat-tissus","8":"product_cat-tissus-exotiques","10":"first","11":"instock","12":"shipping-taxable","13":"product-type-simple"},"_links":{"self":[{"href":"https:\/\/esprit-lumieres.com\/index.php\/wp-json\/wp\/v2\/product\/5840","targetHints":{"allow":["GET"]}}],"collection":[{"href":"https:\/\/esprit-lumieres.com\/index.php\/wp-json\/wp\/v2\/product"}],"about":[{"href":"https:\/\/esprit-lumieres.com\/index.php\/wp-json\/wp\/v2\/types\/product"}],"replies":[{"embeddable":true,"href":"https:\/\/esprit-lumieres.com\/index.php\/wp-json\/wp\/v2\/comments?post=5840"}],"wp:featuredmedia":[{"embeddable":true,"href":"https:\/\/esprit-lumieres.com\/index.php\/wp-json\/wp\/v2\/media\/5844"}],"wp:attachment":[{"href":"https:\/\/esprit-lumieres.com\/index.php\/wp-json\/wp\/v2\/media?parent=5840"}],"wp:term":[{"taxonomy":"product_brand","embeddable":true,"href":"https:\/\/esprit-lumieres.com\/index.php\/wp-json\/wp\/v2\/product_brand?post=5840"},{"taxonomy":"product_cat","embeddable":true,"href":"https:\/\/esprit-lumieres.com\/index.php\/wp-json\/wp\/v2\/product_cat?post=5840"},{"taxonomy":"product_tag","embeddable":true,"href":"https:\/\/esprit-lumieres.com\/index.php\/wp-json\/wp\/v2\/product_tag?post=5840"}],"curies":[{"name":"wp","href":"https:\/\/api.w.org\/{rel}","templated":true}]}}