{"id":5752,"date":"2021-01-12T12:11:01","date_gmt":"2021-01-12T11:11:01","guid":{"rendered":"https:\/\/esprit-lumieres.com\/?post_type=product&#038;p=5752"},"modified":"2021-04-21T14:31:58","modified_gmt":"2021-04-21T12:31:58","slug":"tissu-montagne-vintage","status":"publish","type":"product","link":"https:\/\/esprit-lumieres.com\/index.php\/product\/tissu-montagne-vintage\/","title":{"rendered":"Tissu montagne vintage"},"content":{"rendered":"<p>Tissu th\u00e8me montagne<\/p>\n<p>Diam\u00e8tre maxi 60 cm (pour cette taille retrait uniquement \u00e0 l&rsquo;atelier en r\u00e9gion parisienne est)<\/p>\n<p>Laize de 280 cm<\/p>\n","protected":false},"excerpt":{"rendered":"<p>Tissu th\u00e8me montagne Diam\u00e8tre maxi 60 cm (pour cette taille retrait uniquement \u00e0 l&rsquo;atelier en r\u00e9gion parisienne est) Laize de 280 cm<\/p>\n","protected":false},"featured_media":5753,"comment_status":"open","ping_status":"closed","template":"","meta":[],"product_brand":[],"product_cat":[58,66],"product_tag":[],"class_list":{"0":"post-5752","1":"product","2":"type-product","3":"status-publish","4":"has-post-thumbnail","6":"product_cat-tissus","7":"product_cat-tissus-met-et-montagne","9":"first","10":"instock","11":"shipping-taxable","12":"product-type-simple"},"_links":{"self":[{"href":"https:\/\/esprit-lumieres.com\/index.php\/wp-json\/wp\/v2\/product\/5752","targetHints":{"allow":["GET"]}}],"collection":[{"href":"https:\/\/esprit-lumieres.com\/index.php\/wp-json\/wp\/v2\/product"}],"about":[{"href":"https:\/\/esprit-lumieres.com\/index.php\/wp-json\/wp\/v2\/types\/product"}],"replies":[{"embeddable":true,"href":"https:\/\/esprit-lumieres.com\/index.php\/wp-json\/wp\/v2\/comments?post=5752"}],"wp:featuredmedia":[{"embeddable":true,"href":"https:\/\/esprit-lumieres.com\/index.php\/wp-json\/wp\/v2\/media\/5753"}],"wp:attachment":[{"href":"https:\/\/esprit-lumieres.com\/index.php\/wp-json\/wp\/v2\/media?parent=5752"}],"wp:term":[{"taxonomy":"product_brand","embeddable":true,"href":"https:\/\/esprit-lumieres.com\/index.php\/wp-json\/wp\/v2\/product_brand?post=5752"},{"taxonomy":"product_cat","embeddable":true,"href":"https:\/\/esprit-lumieres.com\/index.php\/wp-json\/wp\/v2\/product_cat?post=5752"},{"taxonomy":"product_tag","embeddable":true,"href":"https:\/\/esprit-lumieres.com\/index.php\/wp-json\/wp\/v2\/product_tag?post=5752"}],"curies":[{"name":"wp","href":"https:\/\/api.w.org\/{rel}","templated":true}]}}