{"id":5697,"date":"2021-01-11T16:35:05","date_gmt":"2021-01-11T15:35:05","guid":{"rendered":"https:\/\/esprit-lumieres.com\/?post_type=product&#038;p=5697"},"modified":"2026-03-26T16:37:55","modified_gmt":"2026-03-26T15:37:55","slug":"tissu-les-jardins-de-versailles","status":"publish","type":"product","link":"https:\/\/esprit-lumieres.com\/index.php\/product\/tissu-les-jardins-de-versailles\/","title":{"rendered":"tissu les jardins de Versailles"},"content":{"rendered":"<p>diam\u00e8tre maxi pour un abat-jour : 45 cm (avec raccord biais)<\/p>\n<p>Laize de 140 cm<\/p>\n<p>tissu r\u00e9pr\u00e9sentant les jardins de Versailles et le grand bassin<\/p>\n<p>Id\u00e9al pour les diam\u00e8tres 40 ou 45 cm<\/p>\n","protected":false},"excerpt":{"rendered":"<p>diam\u00e8tre maxi pour un abat-jour : 45 cm (avec raccord biais) Laize de 140 cm tissu r\u00e9pr\u00e9sentant les jardins de Versailles et le grand bassin Id\u00e9al pour les diam\u00e8tres 40 ou 45 cm<\/p>\n","protected":false},"featured_media":5698,"comment_status":"open","ping_status":"closed","template":"","meta":[],"product_brand":[],"product_cat":[62,58],"product_tag":[],"class_list":{"0":"post-5697","1":"product","2":"type-product","3":"status-publish","4":"has-post-thumbnail","6":"product_cat-tissus-divers","7":"product_cat-tissus","9":"first","10":"instock","11":"shipping-taxable","12":"product-type-simple"},"_links":{"self":[{"href":"https:\/\/esprit-lumieres.com\/index.php\/wp-json\/wp\/v2\/product\/5697","targetHints":{"allow":["GET"]}}],"collection":[{"href":"https:\/\/esprit-lumieres.com\/index.php\/wp-json\/wp\/v2\/product"}],"about":[{"href":"https:\/\/esprit-lumieres.com\/index.php\/wp-json\/wp\/v2\/types\/product"}],"replies":[{"embeddable":true,"href":"https:\/\/esprit-lumieres.com\/index.php\/wp-json\/wp\/v2\/comments?post=5697"}],"wp:featuredmedia":[{"embeddable":true,"href":"https:\/\/esprit-lumieres.com\/index.php\/wp-json\/wp\/v2\/media\/5698"}],"wp:attachment":[{"href":"https:\/\/esprit-lumieres.com\/index.php\/wp-json\/wp\/v2\/media?parent=5697"}],"wp:term":[{"taxonomy":"product_brand","embeddable":true,"href":"https:\/\/esprit-lumieres.com\/index.php\/wp-json\/wp\/v2\/product_brand?post=5697"},{"taxonomy":"product_cat","embeddable":true,"href":"https:\/\/esprit-lumieres.com\/index.php\/wp-json\/wp\/v2\/product_cat?post=5697"},{"taxonomy":"product_tag","embeddable":true,"href":"https:\/\/esprit-lumieres.com\/index.php\/wp-json\/wp\/v2\/product_tag?post=5697"}],"curies":[{"name":"wp","href":"https:\/\/api.w.org\/{rel}","templated":true}]}}