{"id":5676,"date":"2021-01-11T16:01:24","date_gmt":"2021-01-11T15:01:24","guid":{"rendered":"https:\/\/esprit-lumieres.com\/?post_type=product&#038;p=5676"},"modified":"2021-01-11T16:01:26","modified_gmt":"2021-01-11T15:01:26","slug":"tissu-toile-de-jouy-medaillons-scenes-antiques-fond-gris","status":"publish","type":"product","link":"https:\/\/esprit-lumieres.com\/index.php\/product\/tissu-toile-de-jouy-medaillons-scenes-antiques-fond-gris\/","title":{"rendered":"Tissu Toile de Jouy m\u00e9daillons sc\u00e8nes antiques fond gris"},"content":{"rendered":"<p>diam\u00e8tre maxi pour un abat-jour : 45 cm avec raccord biais<\/p>\n<p>Laize de 150 cm<\/p>\n<p>existe en fond rose<\/p>\n<p>les m\u00e9daillons ont une hauteur de 20 cm<\/p>\n","protected":false},"excerpt":{"rendered":"<p>diam\u00e8tre maxi pour un abat-jour : 45 cm avec raccord biais Laize de 150 cm existe en fond rose les m\u00e9daillons ont une hauteur de 20 cm<\/p>\n","protected":false},"featured_media":5653,"comment_status":"open","ping_status":"closed","template":"","meta":[],"product_brand":[],"product_cat":[58,63],"product_tag":[],"class_list":{"0":"post-5676","1":"product","2":"type-product","3":"status-publish","4":"has-post-thumbnail","6":"product_cat-tissus","7":"product_cat-toiles-de-jouy","9":"first","10":"instock","11":"shipping-taxable","12":"product-type-simple"},"_links":{"self":[{"href":"https:\/\/esprit-lumieres.com\/index.php\/wp-json\/wp\/v2\/product\/5676","targetHints":{"allow":["GET"]}}],"collection":[{"href":"https:\/\/esprit-lumieres.com\/index.php\/wp-json\/wp\/v2\/product"}],"about":[{"href":"https:\/\/esprit-lumieres.com\/index.php\/wp-json\/wp\/v2\/types\/product"}],"replies":[{"embeddable":true,"href":"https:\/\/esprit-lumieres.com\/index.php\/wp-json\/wp\/v2\/comments?post=5676"}],"wp:featuredmedia":[{"embeddable":true,"href":"https:\/\/esprit-lumieres.com\/index.php\/wp-json\/wp\/v2\/media\/5653"}],"wp:attachment":[{"href":"https:\/\/esprit-lumieres.com\/index.php\/wp-json\/wp\/v2\/media?parent=5676"}],"wp:term":[{"taxonomy":"product_brand","embeddable":true,"href":"https:\/\/esprit-lumieres.com\/index.php\/wp-json\/wp\/v2\/product_brand?post=5676"},{"taxonomy":"product_cat","embeddable":true,"href":"https:\/\/esprit-lumieres.com\/index.php\/wp-json\/wp\/v2\/product_cat?post=5676"},{"taxonomy":"product_tag","embeddable":true,"href":"https:\/\/esprit-lumieres.com\/index.php\/wp-json\/wp\/v2\/product_tag?post=5676"}],"curies":[{"name":"wp","href":"https:\/\/api.w.org\/{rel}","templated":true}]}}