{"id":5626,"date":"2021-01-06T18:07:35","date_gmt":"2021-01-06T17:07:35","guid":{"rendered":"https:\/\/esprit-lumieres.com\/?post_type=product&#038;p=5626"},"modified":"2025-06-11T05:08:38","modified_gmt":"2025-06-11T03:08:38","slug":"tissu-phoenix-fond-noir","status":"publish","type":"product","link":"https:\/\/esprit-lumieres.com\/index.php\/product\/tissu-phoenix-fond-noir\/","title":{"rendered":"Tissu Phoenix fond noir"},"content":{"rendered":"<p>diam\u00e8tre maxi pour un abat-jour : 45 cm avec raccord biais<\/p>\n<p>Laize de 140 cm<\/p>\n<p>existe en fond bleu fonc\u00e9, fond vert fonc\u00e9 et fond vert d&rsquo;eau<\/p>\n","protected":false},"excerpt":{"rendered":"<p>diam\u00e8tre maxi pour un abat-jour : 45 cm avec raccord biais Laize de 140 cm existe en fond bleu fonc\u00e9, fond vert fonc\u00e9 et fond vert d&rsquo;eau<\/p>\n","protected":false},"featured_media":5599,"comment_status":"open","ping_status":"closed","template":"","meta":[],"product_brand":[],"product_cat":[58,59],"product_tag":[],"class_list":{"0":"post-5626","1":"product","2":"type-product","3":"status-publish","4":"has-post-thumbnail","6":"product_cat-tissus","7":"product_cat-tissus-tendance","9":"first","10":"instock","11":"shipping-taxable","12":"product-type-simple"},"_links":{"self":[{"href":"https:\/\/esprit-lumieres.com\/index.php\/wp-json\/wp\/v2\/product\/5626","targetHints":{"allow":["GET"]}}],"collection":[{"href":"https:\/\/esprit-lumieres.com\/index.php\/wp-json\/wp\/v2\/product"}],"about":[{"href":"https:\/\/esprit-lumieres.com\/index.php\/wp-json\/wp\/v2\/types\/product"}],"replies":[{"embeddable":true,"href":"https:\/\/esprit-lumieres.com\/index.php\/wp-json\/wp\/v2\/comments?post=5626"}],"wp:featuredmedia":[{"embeddable":true,"href":"https:\/\/esprit-lumieres.com\/index.php\/wp-json\/wp\/v2\/media\/5599"}],"wp:attachment":[{"href":"https:\/\/esprit-lumieres.com\/index.php\/wp-json\/wp\/v2\/media?parent=5626"}],"wp:term":[{"taxonomy":"product_brand","embeddable":true,"href":"https:\/\/esprit-lumieres.com\/index.php\/wp-json\/wp\/v2\/product_brand?post=5626"},{"taxonomy":"product_cat","embeddable":true,"href":"https:\/\/esprit-lumieres.com\/index.php\/wp-json\/wp\/v2\/product_cat?post=5626"},{"taxonomy":"product_tag","embeddable":true,"href":"https:\/\/esprit-lumieres.com\/index.php\/wp-json\/wp\/v2\/product_tag?post=5626"}],"curies":[{"name":"wp","href":"https:\/\/api.w.org\/{rel}","templated":true}]}}