{"id":5328,"date":"2020-06-26T14:36:01","date_gmt":"2020-06-26T12:36:01","guid":{"rendered":"https:\/\/esprit-lumieres.com\/?post_type=product&#038;p=5328"},"modified":"2024-08-18T17:55:04","modified_gmt":"2024-08-18T15:55:04","slug":"abat-jour-double-niveau-tissu-et-cannage","status":"publish","type":"product","link":"https:\/\/esprit-lumieres.com\/index.php\/product\/abat-jour-double-niveau-tissu-et-cannage\/","title":{"rendered":"Abat-jour double niveau tissu et cannage"},"content":{"rendered":"<p>Description<br \/>\nCollection Abat-jour tambour deux niveaux tissu et cannage<\/p>\n<p>plusieurs tailles possibles en suspension, r\u00e9alisable dans le tissu de votre choix<\/p>\n<p>mod\u00e8le pr\u00e9sent\u00e9 : 40 cm de diam\u00e8tre pour le plus large des abat-jour<\/p>\n<p><span class=\"rose_titre\">Dimensions : (diam\u00e8tre du haut)<\/span><br \/>\ndiam\u00e8tre 30 cm : 99 euros<br \/>\ndiam\u00e8tre 35 cm : 109 euros<br \/>\ndiam\u00e8tre : 40 cm : 129 euros<br \/>\ndiam\u00e8tre 45 cm: 149 euros (uniquement r\u00e9alisable avec un tissu en grande largeur)<\/p>\n<p>pr\u00e9voir 8 euros si besoin d\u2019un fil de raccordement plafond abat-jour<\/p>\n<p><img decoding=\"async\" src=\"https:\/\/esprit-lumieres.com\/index.php\/product\/abat-jour-theme-beatrix-potter\/images\/picto\/etoile_rose.png\" alt=\"\" border=\"0\" \/>\u00a0<span class=\"rose_titre\">Frais de port<\/span><\/p>\n<p>9 euros en colisimo pour le diam\u00e8tre 30 cm<br \/>\n13 euros en envoi chronopost avec livraison en relais Chronopost \u00e0 partir de 35 cm<\/p>\n<p><img decoding=\"async\" src=\"https:\/\/esprit-lumieres.com\/index.php\/product\/abat-jour-theme-beatrix-potter\/images\/picto\/etoile_rose.png\" alt=\"\" border=\"0\" \/>\u00a0<span class=\"rose_titre\">Moyens de paiement<\/span><br \/>\nch\u00e8que, virement ou Paypal<\/p>\n","protected":false},"excerpt":{"rendered":"<p>Description Collection Abat-jour tambour deux niveaux tissu et cannage plusieurs tailles possibles en suspension, r\u00e9alisable dans le tissu de votre choix mod\u00e8le pr\u00e9sent\u00e9 : 40 cm de diam\u00e8tre pour le plus large des abat-jour Dimensions : (diam\u00e8tre du haut) diam\u00e8tre 30 cm : 99 euros diam\u00e8tre 35 cm : 109 euros diam\u00e8tre : 40 cm [&hellip;]<\/p>\n","protected":false},"featured_media":5798,"comment_status":"open","ping_status":"closed","template":"","meta":[],"product_brand":[],"product_cat":[17,218,21],"product_tag":[],"class_list":{"0":"post-5328","1":"product","2":"type-product","3":"status-publish","4":"has-post-thumbnail","6":"product_cat-abat-jour","7":"product_cat-abat-jour_double_niveau","8":"product_cat-luminaires","10":"first","11":"instock","12":"shipping-taxable","13":"purchasable","14":"product-type-variable"},"_links":{"self":[{"href":"https:\/\/esprit-lumieres.com\/index.php\/wp-json\/wp\/v2\/product\/5328","targetHints":{"allow":["GET"]}}],"collection":[{"href":"https:\/\/esprit-lumieres.com\/index.php\/wp-json\/wp\/v2\/product"}],"about":[{"href":"https:\/\/esprit-lumieres.com\/index.php\/wp-json\/wp\/v2\/types\/product"}],"replies":[{"embeddable":true,"href":"https:\/\/esprit-lumieres.com\/index.php\/wp-json\/wp\/v2\/comments?post=5328"}],"wp:featuredmedia":[{"embeddable":true,"href":"https:\/\/esprit-lumieres.com\/index.php\/wp-json\/wp\/v2\/media\/5798"}],"wp:attachment":[{"href":"https:\/\/esprit-lumieres.com\/index.php\/wp-json\/wp\/v2\/media?parent=5328"}],"wp:term":[{"taxonomy":"product_brand","embeddable":true,"href":"https:\/\/esprit-lumieres.com\/index.php\/wp-json\/wp\/v2\/product_brand?post=5328"},{"taxonomy":"product_cat","embeddable":true,"href":"https:\/\/esprit-lumieres.com\/index.php\/wp-json\/wp\/v2\/product_cat?post=5328"},{"taxonomy":"product_tag","embeddable":true,"href":"https:\/\/esprit-lumieres.com\/index.php\/wp-json\/wp\/v2\/product_tag?post=5328"}],"curies":[{"name":"wp","href":"https:\/\/api.w.org\/{rel}","templated":true}]}}