{"id":5272,"date":"2020-06-17T12:19:15","date_gmt":"2020-06-17T10:19:15","guid":{"rendered":"https:\/\/esprit-lumieres.com\/?post_type=product&#038;p=5272"},"modified":"2024-08-17T15:27:00","modified_gmt":"2024-08-17T13:27:00","slug":"abat-jour-double-niveau-tissu-et-raphia","status":"publish","type":"product","link":"https:\/\/esprit-lumieres.com\/index.php\/product\/abat-jour-double-niveau-tissu-et-raphia\/","title":{"rendered":"suspension double rabane\/tissu"},"content":{"rendered":"<div class=\"woocommerce-tabs wc-tabs-wrapper\">\n<div id=\"tab-description\" class=\"woocommerce-Tabs-panel woocommerce-Tabs-panel--description panel entry-content wc-tab\" role=\"tabpanel\" aria-labelledby=\"tab-title-description\">\n<p>Description<br \/>\nCollection Abat-jour tambour deux niveaux tissu et mati\u00e8re naturelle<\/p>\n<p>plusieurs tailles possibles en abat-jour ou suspension<\/p>\n<p>mod\u00e8le pr\u00e9sent\u00e9 : 35 cm de diam\u00e8tre pour le plus large des abat-jour<\/p>\n<p><span class=\"rose_titre\">Dimensions<br \/>\n<\/span>diam\u00e8tre 30 cm :\u00a0 99 euros<br \/>\ndiam\u00e8tre 35 cm : 109 euros<br \/>\ndiam\u00e8tre : 40 cm : 129 euros<br \/>\ndiam\u00e8tre 45 cm : 149 euros<\/p>\n<p>Pour les suspensions pr\u00e9voir 8 euros si besoin d\u2019un fil<\/p>\n<p><img decoding=\"async\" src=\"https:\/\/esprit-lumieres.com\/index.php\/product\/abat-jour-theme-beatrix-potter\/images\/picto\/etoile_rose.png\" alt=\"\" border=\"0\" \/>\u00a0<span class=\"rose_titre\">Frais de port<\/span><\/p>\n<p>9 euros en colisimo pour le diam\u00e8tre 30 cm<br \/>\n13 euros en envoi chronopost avec livraison en relais Chronopost pour les diam\u00e8tres de 35 \u00e0 45 cm<\/p>\n<p><img decoding=\"async\" src=\"https:\/\/esprit-lumieres.com\/index.php\/product\/abat-jour-theme-beatrix-potter\/images\/picto\/etoile_rose.png\" alt=\"\" border=\"0\" \/>\u00a0<span class=\"rose_titre\">Moyens de paiement<\/span><br \/>\nch\u00e8que, virement ou Paypal<\/p>\n<\/div>\n<\/div>\n<section class=\"related products\">\n<h2><\/h2>\n<\/section>\n","protected":false},"excerpt":{"rendered":"<p>Description Collection Abat-jour tambour deux niveaux tissu et mati\u00e8re naturelle plusieurs tailles possibles en abat-jour ou suspension mod\u00e8le pr\u00e9sent\u00e9 : 35 cm de diam\u00e8tre pour le plus large des abat-jour Dimensions diam\u00e8tre 30 cm :\u00a0 99 euros diam\u00e8tre 35 cm : 109 euros diam\u00e8tre : 40 cm : 129 euros diam\u00e8tre 45 cm : 149 [&hellip;]<\/p>\n","protected":false},"featured_media":5324,"comment_status":"open","ping_status":"closed","template":"","meta":[],"product_brand":[],"product_cat":[17,218,21],"product_tag":[],"class_list":{"0":"post-5272","1":"product","2":"type-product","3":"status-publish","4":"has-post-thumbnail","6":"product_cat-abat-jour","7":"product_cat-abat-jour_double_niveau","8":"product_cat-luminaires","10":"first","11":"instock","12":"shipping-taxable","13":"purchasable","14":"product-type-variable"},"_links":{"self":[{"href":"https:\/\/esprit-lumieres.com\/index.php\/wp-json\/wp\/v2\/product\/5272","targetHints":{"allow":["GET"]}}],"collection":[{"href":"https:\/\/esprit-lumieres.com\/index.php\/wp-json\/wp\/v2\/product"}],"about":[{"href":"https:\/\/esprit-lumieres.com\/index.php\/wp-json\/wp\/v2\/types\/product"}],"replies":[{"embeddable":true,"href":"https:\/\/esprit-lumieres.com\/index.php\/wp-json\/wp\/v2\/comments?post=5272"}],"wp:featuredmedia":[{"embeddable":true,"href":"https:\/\/esprit-lumieres.com\/index.php\/wp-json\/wp\/v2\/media\/5324"}],"wp:attachment":[{"href":"https:\/\/esprit-lumieres.com\/index.php\/wp-json\/wp\/v2\/media?parent=5272"}],"wp:term":[{"taxonomy":"product_brand","embeddable":true,"href":"https:\/\/esprit-lumieres.com\/index.php\/wp-json\/wp\/v2\/product_brand?post=5272"},{"taxonomy":"product_cat","embeddable":true,"href":"https:\/\/esprit-lumieres.com\/index.php\/wp-json\/wp\/v2\/product_cat?post=5272"},{"taxonomy":"product_tag","embeddable":true,"href":"https:\/\/esprit-lumieres.com\/index.php\/wp-json\/wp\/v2\/product_tag?post=5272"}],"curies":[{"name":"wp","href":"https:\/\/api.w.org\/{rel}","templated":true}]}}