{"id":5235,"date":"2020-06-04T17:26:25","date_gmt":"2020-06-04T15:26:25","guid":{"rendered":"https:\/\/esprit-lumieres.com\/?post_type=product&#038;p=5235"},"modified":"2020-08-24T17:18:32","modified_gmt":"2020-08-24T15:18:32","slug":"applique-equerre-2-niveaux","status":"publish","type":"product","link":"https:\/\/esprit-lumieres.com\/index.php\/product\/applique-equerre-2-niveaux\/","title":{"rendered":"Applique \u00e9querre 2 niveaux"},"content":{"rendered":"<p><img decoding=\"async\" src=\"http:\/\/www.esprit-lumieres.com\/images\/picto\/etoile_rose.png\" alt=\"\" border=\"0\" \/>\u00a0<span class=\"rose_titre\">Description<\/span><span class=\"rose_titre\"><br \/>\n<\/span>Applique \u00e9querre , deux niveaux<\/p>\n<p>abat-jour th\u00e8me au choix (tissus \u00e0 choisir)<\/p>\n<p>2 tailles possibles<\/p>\n<p><img decoding=\"async\" src=\"http:\/\/www.esprit-lumieres.com\/images\/picto\/etoile_rose.png\" alt=\"\" border=\"0\" \/>\u00a0<span class=\"rose_titre\">Dimensions<br \/>\n<\/span>Petit mod\u00e8le : dimensions \u00e9querre : 18 cm, abat-jour du haut :\u00a0 20 cm de diam\u00e8tre\u00a0 et abat-jour du bas : 15 cm de diam\u00e8tre : 85 euros<\/p>\n<p>Grand mod\u00e8le : dimensions \u00e9querre : 28 cm, abat-jour du haut 25 cm de diam\u00e8tre\u00a0 et abat-jour du bas : 20 cm : 95 euros<\/p>\n<p><img decoding=\"async\" src=\"http:\/\/www.esprit-lumieres.com\/images\/picto\/etoile_rose.png\" alt=\"\" border=\"0\" \/>\u00a0<span class=\"rose_titre\">Frais de port<\/span><br \/>\n10 euros en Colissimo<\/p>\n<p><img decoding=\"async\" src=\"http:\/\/www.esprit-lumieres.com\/images\/picto\/etoile_rose.png\" alt=\"\" border=\"0\" \/>\u00a0<span class=\"rose_titre\">Moyens de paiement<\/span><br \/>\nch\u00e8que, virement ou Paypal<\/p>\n","protected":false},"excerpt":{"rendered":"<p>\u00a0Description Applique \u00e9querre , deux niveaux abat-jour th\u00e8me au choix (tissus \u00e0 choisir) 2 tailles possibles \u00a0Dimensions Petit mod\u00e8le : dimensions \u00e9querre : 18 cm, abat-jour du haut :\u00a0 20 cm de diam\u00e8tre\u00a0 et abat-jour du bas : 15 cm de diam\u00e8tre : 85 euros Grand mod\u00e8le : dimensions \u00e9querre : 28 cm, abat-jour du [&hellip;]<\/p>\n","protected":false},"featured_media":5238,"comment_status":"open","ping_status":"closed","template":"","meta":[],"product_brand":[],"product_cat":[18,21],"product_tag":[],"class_list":{"0":"post-5235","1":"product","2":"type-product","3":"status-publish","4":"has-post-thumbnail","6":"product_cat-appliques","7":"product_cat-luminaires","9":"first","10":"instock","11":"shipping-taxable","12":"purchasable","13":"product-type-variable"},"_links":{"self":[{"href":"https:\/\/esprit-lumieres.com\/index.php\/wp-json\/wp\/v2\/product\/5235","targetHints":{"allow":["GET"]}}],"collection":[{"href":"https:\/\/esprit-lumieres.com\/index.php\/wp-json\/wp\/v2\/product"}],"about":[{"href":"https:\/\/esprit-lumieres.com\/index.php\/wp-json\/wp\/v2\/types\/product"}],"replies":[{"embeddable":true,"href":"https:\/\/esprit-lumieres.com\/index.php\/wp-json\/wp\/v2\/comments?post=5235"}],"wp:featuredmedia":[{"embeddable":true,"href":"https:\/\/esprit-lumieres.com\/index.php\/wp-json\/wp\/v2\/media\/5238"}],"wp:attachment":[{"href":"https:\/\/esprit-lumieres.com\/index.php\/wp-json\/wp\/v2\/media?parent=5235"}],"wp:term":[{"taxonomy":"product_brand","embeddable":true,"href":"https:\/\/esprit-lumieres.com\/index.php\/wp-json\/wp\/v2\/product_brand?post=5235"},{"taxonomy":"product_cat","embeddable":true,"href":"https:\/\/esprit-lumieres.com\/index.php\/wp-json\/wp\/v2\/product_cat?post=5235"},{"taxonomy":"product_tag","embeddable":true,"href":"https:\/\/esprit-lumieres.com\/index.php\/wp-json\/wp\/v2\/product_tag?post=5235"}],"curies":[{"name":"wp","href":"https:\/\/api.w.org\/{rel}","templated":true}]}}