{"id":2402,"date":"2019-10-26T17:48:24","date_gmt":"2019-10-26T15:48:24","guid":{"rendered":"https:\/\/esprit-lumieres.com\/?post_type=product&#038;p=2402"},"modified":"2025-04-22T02:22:46","modified_gmt":"2025-04-22T00:22:46","slug":"applique-demi-lune-tissu-tournoi","status":"publish","type":"product","link":"https:\/\/esprit-lumieres.com\/index.php\/product\/applique-demi-lune-tissu-tournoi\/","title":{"rendered":"Applique demi-lune tissu tournoi"},"content":{"rendered":"<p><strong><img decoding=\"async\" src=\"http:\/\/www.esprit-lumieres.com\/images\/picto\/etoile_rose.png\" alt=\"\" border=\"0\" \/>\u00a0<span class=\"rose_titre\">Description<\/span><\/strong><br \/>\nApplique demi lune motif tournoi<br \/>\nr\u00e9alisable dans la couleur de votre choix (3 coloris)<\/p>\n<p>d\u00e9clinable en abat-jour, suspension et lampe \u00e0 poser<\/p>\n<p>Pr\u00e9voir 5 euros si besoin d&rsquo;un fil avec interrupteur<\/p>\n<p><strong><img decoding=\"async\" src=\"http:\/\/www.esprit-lumieres.com\/images\/picto\/etoile_rose.png\" alt=\"\" border=\"0\" \/>\u00a0<span class=\"rose_titre\">Dimensions<\/span><\/strong><br \/>\n25 cm sur 25 cm : 58 euros pi\u00e8ce<br \/>\n30 cm sur 20 cm : 58 euros pi\u00e8ce<\/p>\n<p><img decoding=\"async\" src=\"http:\/\/www.esprit-lumieres.com\/images\/picto\/etoile_rose.png\" alt=\"\" border=\"0\" \/>\u00a0<strong><span class=\"rose_titre\">Frais de port<\/span><\/strong><br \/>\n9 euros en colissimo<\/p>\n","protected":false},"excerpt":{"rendered":"<p>\u00a0Description Applique demi lune motif tournoi r\u00e9alisable dans la couleur de votre choix (3 coloris) d\u00e9clinable en abat-jour, suspension et lampe \u00e0 poser Pr\u00e9voir 5 euros si besoin d&rsquo;un fil avec interrupteur \u00a0Dimensions 25 cm sur 25 cm : 58 euros pi\u00e8ce 30 cm sur 20 cm : 58 euros pi\u00e8ce \u00a0Frais de port 9 [&hellip;]<\/p>\n","protected":false},"featured_media":2388,"comment_status":"open","ping_status":"closed","template":"","meta":[],"product_brand":[],"product_cat":[18,212],"product_tag":[],"class_list":{"0":"post-2402","1":"product","2":"type-product","3":"status-publish","4":"has-post-thumbnail","6":"product_cat-appliques","7":"product_cat-appliques_demi-lune","9":"first","10":"instock","11":"shipping-taxable","12":"purchasable","13":"product-type-variable"},"_links":{"self":[{"href":"https:\/\/esprit-lumieres.com\/index.php\/wp-json\/wp\/v2\/product\/2402","targetHints":{"allow":["GET"]}}],"collection":[{"href":"https:\/\/esprit-lumieres.com\/index.php\/wp-json\/wp\/v2\/product"}],"about":[{"href":"https:\/\/esprit-lumieres.com\/index.php\/wp-json\/wp\/v2\/types\/product"}],"replies":[{"embeddable":true,"href":"https:\/\/esprit-lumieres.com\/index.php\/wp-json\/wp\/v2\/comments?post=2402"}],"wp:featuredmedia":[{"embeddable":true,"href":"https:\/\/esprit-lumieres.com\/index.php\/wp-json\/wp\/v2\/media\/2388"}],"wp:attachment":[{"href":"https:\/\/esprit-lumieres.com\/index.php\/wp-json\/wp\/v2\/media?parent=2402"}],"wp:term":[{"taxonomy":"product_brand","embeddable":true,"href":"https:\/\/esprit-lumieres.com\/index.php\/wp-json\/wp\/v2\/product_brand?post=2402"},{"taxonomy":"product_cat","embeddable":true,"href":"https:\/\/esprit-lumieres.com\/index.php\/wp-json\/wp\/v2\/product_cat?post=2402"},{"taxonomy":"product_tag","embeddable":true,"href":"https:\/\/esprit-lumieres.com\/index.php\/wp-json\/wp\/v2\/product_tag?post=2402"}],"curies":[{"name":"wp","href":"https:\/\/api.w.org\/{rel}","templated":true}]}}