{"id":2397,"date":"2019-10-26T17:35:37","date_gmt":"2019-10-26T15:35:37","guid":{"rendered":"https:\/\/esprit-lumieres.com\/?post_type=product&#038;p=2397"},"modified":"2024-11-08T09:30:20","modified_gmt":"2024-11-08T08:30:20","slug":"abat-jour-tissu-tournoi-3-coloris","status":"publish","type":"product","link":"https:\/\/esprit-lumieres.com\/index.php\/product\/abat-jour-tissu-tournoi-3-coloris\/","title":{"rendered":"Abat-jour tissu tournoi (3 coloris)"},"content":{"rendered":"<p><img decoding=\"async\" src=\"https:\/\/esprit-lumieres.com\/index.php\/product\/abat-jour-theme-beatrix-potter\/images\/picto\/etoile_rose.png\" alt=\"\" border=\"0\" \/>\u00a0Description<br \/>\nCollection Abat-jour tambour\u00a0 tissu tounoi<\/p>\n<p>Les motifs \u00e9tant tr\u00e8s grands la taille minimum conseill\u00e9e est 40 cm de diam\u00e8tre<br \/>\nDiam\u00e8tre maxi avec un raccord biais : 45 cm<\/p>\n<p>plusieurs tailles possibles en abat-jour ou suspension<\/p>\n<p>d\u00e9clinable en grande lampe \u00e0 poser et appliques (voir annonces)<\/p>\n<p><img decoding=\"async\" src=\"https:\/\/esprit-lumieres.com\/index.php\/product\/abat-jour-theme-beatrix-potter\/images\/picto\/etoile_rose.png\" alt=\"\" border=\"0\" \/>\u00a0<span class=\"rose_titre\">Dimensions<\/span><\/p>\n<p>diam\u00e8tre 40 cm : 92 euros (suspension ou abat-jour)<\/p>\n<p>Pour les suspensions pr\u00e9voir 8 euros si besoin d\u2019un fil et 10 euros pour un tamiseur<\/p>\n<p>Pour les suspensions pr\u00e9voir 8 euros si besoin d\u2019un fil<br \/>\nPour un tamiseur amovible, pr\u00e9voir 10 euros<\/p>\n<p><img decoding=\"async\" src=\"https:\/\/esprit-lumieres.com\/index.php\/product\/abat-jour-theme-beatrix-potter\/images\/picto\/etoile_rose.png\" alt=\"\" border=\"0\" \/>\u00a0<span class=\"rose_titre\">Frais de port<\/span><br \/>\n13 euros en envoi chronopost avec livraison en relais Chronopost<\/p>\n<p><img decoding=\"async\" src=\"https:\/\/esprit-lumieres.com\/index.php\/product\/abat-jour-theme-beatrix-potter\/images\/picto\/etoile_rose.png\" alt=\"\" border=\"0\" \/>\u00a0<span class=\"rose_titre\">Moyens de paiement<\/span><br \/>\nch\u00e8que, virement ou Paypal<\/p>\n","protected":false},"excerpt":{"rendered":"<p>\u00a0Description Collection Abat-jour tambour\u00a0 tissu tounoi Les motifs \u00e9tant tr\u00e8s grands la taille minimum conseill\u00e9e est 40 cm de diam\u00e8tre Diam\u00e8tre maxi avec un raccord biais : 45 cm plusieurs tailles possibles en abat-jour ou suspension d\u00e9clinable en grande lampe \u00e0 poser et appliques (voir annonces) \u00a0Dimensions diam\u00e8tre 40 cm : 92 euros (suspension ou [&hellip;]<\/p>\n","protected":false},"featured_media":2396,"comment_status":"open","ping_status":"closed","template":"","meta":[],"product_brand":[],"product_cat":[17,213,214],"product_tag":[],"class_list":{"0":"post-2397","1":"product","2":"type-product","3":"status-publish","4":"has-post-thumbnail","6":"product_cat-abat-jour","7":"product_cat-abat-jour_tambour","8":"product_cat-abat-jour_tambour_tissu","10":"first","11":"instock","12":"shipping-taxable","13":"purchasable","14":"product-type-variable"},"_links":{"self":[{"href":"https:\/\/esprit-lumieres.com\/index.php\/wp-json\/wp\/v2\/product\/2397","targetHints":{"allow":["GET"]}}],"collection":[{"href":"https:\/\/esprit-lumieres.com\/index.php\/wp-json\/wp\/v2\/product"}],"about":[{"href":"https:\/\/esprit-lumieres.com\/index.php\/wp-json\/wp\/v2\/types\/product"}],"replies":[{"embeddable":true,"href":"https:\/\/esprit-lumieres.com\/index.php\/wp-json\/wp\/v2\/comments?post=2397"}],"wp:featuredmedia":[{"embeddable":true,"href":"https:\/\/esprit-lumieres.com\/index.php\/wp-json\/wp\/v2\/media\/2396"}],"wp:attachment":[{"href":"https:\/\/esprit-lumieres.com\/index.php\/wp-json\/wp\/v2\/media?parent=2397"}],"wp:term":[{"taxonomy":"product_brand","embeddable":true,"href":"https:\/\/esprit-lumieres.com\/index.php\/wp-json\/wp\/v2\/product_brand?post=2397"},{"taxonomy":"product_cat","embeddable":true,"href":"https:\/\/esprit-lumieres.com\/index.php\/wp-json\/wp\/v2\/product_cat?post=2397"},{"taxonomy":"product_tag","embeddable":true,"href":"https:\/\/esprit-lumieres.com\/index.php\/wp-json\/wp\/v2\/product_tag?post=2397"}],"curies":[{"name":"wp","href":"https:\/\/api.w.org\/{rel}","templated":true}]}}