{"id":2277,"date":"2019-10-22T16:49:46","date_gmt":"2019-10-22T14:49:46","guid":{"rendered":"https:\/\/esprit-lumieres.com\/?post_type=product&#038;p=2277"},"modified":"2024-05-23T19:18:13","modified_gmt":"2024-05-23T17:18:13","slug":"applique-ou-lampe-etoile-2","status":"publish","type":"product","link":"https:\/\/esprit-lumieres.com\/index.php\/product\/applique-ou-lampe-etoile-2\/","title":{"rendered":"Applique ou lampe \u00e9toile"},"content":{"rendered":"<p><span class=\"rose_titre\">Description<\/span><br \/>\nApplique de forme \u00e9toile avec fil \u00e9lectrique avec interrupteur fourni<br \/>\ntissu \u00e9toil\u00e9<\/p>\n<p>utilisable en tant qu&rsquo;applique ou lampe<\/p>\n<p>Ampoule LED conseill\u00e9e, culot E14 \u00e0 vis<\/p>\n<p><img decoding=\"async\" src=\"http:\/\/www.esprit-lumieres.com\/images\/picto\/etoile_rose.png\" alt=\"\" border=\"0\" \/>\u00a0<span class=\"rose_titre\">Dimensions<br \/>\n<\/span>largeur : 38 cm<br \/>\nprofondeur : 9 cm<br \/>\nhauteur : 37 cm<\/p>\n<p>1 seule taille disponible<\/p>\n<p><img decoding=\"async\" src=\"http:\/\/www.esprit-lumieres.com\/images\/picto\/etoile_rose.png\" alt=\"\" border=\"0\" \/>\u00a0<span class=\"rose_titre\">Frais de port<\/span><br \/>\n11 euros en colissimo ou 7 euros en relais<\/p>\n","protected":false},"excerpt":{"rendered":"<p>Description Applique de forme \u00e9toile avec fil \u00e9lectrique avec interrupteur fourni tissu \u00e9toil\u00e9 utilisable en tant qu&rsquo;applique ou lampe Ampoule LED conseill\u00e9e, culot E14 \u00e0 vis \u00a0Dimensions largeur : 38 cm profondeur : 9 cm hauteur : 37 cm 1 seule taille disponible \u00a0Frais de port 11 euros en colissimo ou 7 euros en relais<\/p>\n","protected":false},"featured_media":2279,"comment_status":"open","ping_status":"closed","template":"","meta":[],"product_brand":[],"product_cat":[18,209,21],"product_tag":[],"class_list":{"0":"post-2277","1":"product","2":"type-product","3":"status-publish","4":"has-post-thumbnail","6":"product_cat-appliques","7":"product_cat-appliques-etoile","8":"product_cat-luminaires","10":"first","11":"instock","12":"shipping-taxable","13":"purchasable","14":"product-type-variable"},"_links":{"self":[{"href":"https:\/\/esprit-lumieres.com\/index.php\/wp-json\/wp\/v2\/product\/2277","targetHints":{"allow":["GET"]}}],"collection":[{"href":"https:\/\/esprit-lumieres.com\/index.php\/wp-json\/wp\/v2\/product"}],"about":[{"href":"https:\/\/esprit-lumieres.com\/index.php\/wp-json\/wp\/v2\/types\/product"}],"replies":[{"embeddable":true,"href":"https:\/\/esprit-lumieres.com\/index.php\/wp-json\/wp\/v2\/comments?post=2277"}],"wp:featuredmedia":[{"embeddable":true,"href":"https:\/\/esprit-lumieres.com\/index.php\/wp-json\/wp\/v2\/media\/2279"}],"wp:attachment":[{"href":"https:\/\/esprit-lumieres.com\/index.php\/wp-json\/wp\/v2\/media?parent=2277"}],"wp:term":[{"taxonomy":"product_brand","embeddable":true,"href":"https:\/\/esprit-lumieres.com\/index.php\/wp-json\/wp\/v2\/product_brand?post=2277"},{"taxonomy":"product_cat","embeddable":true,"href":"https:\/\/esprit-lumieres.com\/index.php\/wp-json\/wp\/v2\/product_cat?post=2277"},{"taxonomy":"product_tag","embeddable":true,"href":"https:\/\/esprit-lumieres.com\/index.php\/wp-json\/wp\/v2\/product_tag?post=2277"}],"curies":[{"name":"wp","href":"https:\/\/api.w.org\/{rel}","templated":true}]}}