{"id":2113,"date":"2019-10-18T11:01:07","date_gmt":"2019-10-18T09:01:07","guid":{"rendered":"https:\/\/esprit-lumieres.com\/?post_type=product&#038;p=2113"},"modified":"2024-05-23T19:24:23","modified_gmt":"2024-05-23T17:24:23","slug":"applique-demi-lune-motif-japonais","status":"publish","type":"product","link":"https:\/\/esprit-lumieres.com\/index.php\/product\/applique-demi-lune-motif-japonais\/","title":{"rendered":"Applique demi-lune motif japonais"},"content":{"rendered":"<p><img decoding=\"async\" src=\"http:\/\/www.esprit-lumieres.com\/images\/picto\/etoile_rose.png\" alt=\"\" border=\"0\" \/>\u00a0<span class=\"rose_titre\">Description<\/span><br \/>\nApplique demi lune motif japonais (impression num\u00e9rique)<br \/>\nr\u00e9alisable dans la couleur de votre choix<\/p>\n<p>d\u00e9clinable en abat-jour, suspension et lampe \u00e0 poser<\/p>\n<p><img decoding=\"async\" src=\"http:\/\/www.esprit-lumieres.com\/images\/picto\/etoile_rose.png\" alt=\"\" border=\"0\" \/>\u00a0<span class=\"rose_titre\">Dimensions<br \/>\n<\/span>20 cm sur 20 cm : 52 euros pi\u00e8ce<br \/>\n25 cm sur 25 cm : 58 euros pi\u00e8ce<br \/>\n30 cm sur 20 cm : 58 euros pi\u00e8ce<\/p>\n<p><img decoding=\"async\" src=\"http:\/\/www.esprit-lumieres.com\/images\/picto\/etoile_rose.png\" alt=\"\" border=\"0\" \/>\u00a0<span class=\"rose_titre\">Frais de port<\/span><br \/>\n11 euros en colissimo ou 7 euros en relais<\/p>\n","protected":false},"excerpt":{"rendered":"<p>\u00a0Description Applique demi lune motif japonais (impression num\u00e9rique) r\u00e9alisable dans la couleur de votre choix d\u00e9clinable en abat-jour, suspension et lampe \u00e0 poser \u00a0Dimensions 20 cm sur 20 cm : 52 euros pi\u00e8ce 25 cm sur 25 cm : 58 euros pi\u00e8ce 30 cm sur 20 cm : 58 euros pi\u00e8ce \u00a0Frais de port 11 [&hellip;]<\/p>\n","protected":false},"featured_media":2117,"comment_status":"open","ping_status":"closed","template":"","meta":[],"product_brand":[],"product_cat":[18,212],"product_tag":[],"class_list":{"0":"post-2113","1":"product","2":"type-product","3":"status-publish","4":"has-post-thumbnail","6":"product_cat-appliques","7":"product_cat-appliques_demi-lune","9":"first","10":"instock","11":"shipping-taxable","12":"purchasable","13":"product-type-variable"},"_links":{"self":[{"href":"https:\/\/esprit-lumieres.com\/index.php\/wp-json\/wp\/v2\/product\/2113","targetHints":{"allow":["GET"]}}],"collection":[{"href":"https:\/\/esprit-lumieres.com\/index.php\/wp-json\/wp\/v2\/product"}],"about":[{"href":"https:\/\/esprit-lumieres.com\/index.php\/wp-json\/wp\/v2\/types\/product"}],"replies":[{"embeddable":true,"href":"https:\/\/esprit-lumieres.com\/index.php\/wp-json\/wp\/v2\/comments?post=2113"}],"wp:featuredmedia":[{"embeddable":true,"href":"https:\/\/esprit-lumieres.com\/index.php\/wp-json\/wp\/v2\/media\/2117"}],"wp:attachment":[{"href":"https:\/\/esprit-lumieres.com\/index.php\/wp-json\/wp\/v2\/media?parent=2113"}],"wp:term":[{"taxonomy":"product_brand","embeddable":true,"href":"https:\/\/esprit-lumieres.com\/index.php\/wp-json\/wp\/v2\/product_brand?post=2113"},{"taxonomy":"product_cat","embeddable":true,"href":"https:\/\/esprit-lumieres.com\/index.php\/wp-json\/wp\/v2\/product_cat?post=2113"},{"taxonomy":"product_tag","embeddable":true,"href":"https:\/\/esprit-lumieres.com\/index.php\/wp-json\/wp\/v2\/product_tag?post=2113"}],"curies":[{"name":"wp","href":"https:\/\/api.w.org\/{rel}","templated":true}]}}