{"id":2103,"date":"2019-10-18T10:40:58","date_gmt":"2019-10-18T08:40:58","guid":{"rendered":"https:\/\/esprit-lumieres.com\/?post_type=product&#038;p=2103"},"modified":"2025-06-12T05:32:59","modified_gmt":"2025-06-12T03:32:59","slug":"lampe-a-poser-papier-japonais","status":"publish","type":"product","link":"https:\/\/esprit-lumieres.com\/index.php\/product\/lampe-a-poser-papier-japonais\/","title":{"rendered":"Lampe \u00e0 poser papier japonais"},"content":{"rendered":"<p>Lampe \u00e0 poser th\u00e8me papier japonais<br \/>\nsyst\u00e8me \u00e9lectrique fourni<\/p>\n<p><img decoding=\"async\" src=\"http:\/\/www.esprit-lumieres.com\/images\/picto\/etoile_rose.png\" alt=\"\" border=\"0\" \/>\u00a0<span class=\"rose_titre\">Dimensions<\/span><br \/>\n12 cm de diam\u00e8tre environ 25 cm de hauteur<br \/>\n15 cm de diam\u00e8tre environ 28 cm de hauteur<\/p>\n<p>D\u00e9clinable en abat-jour maxi 20 cm de diam\u00e8tre ou en applique<\/p>\n<p><img decoding=\"async\" src=\"http:\/\/www.esprit-lumieres.com\/images\/picto\/etoile_rose.png\" alt=\"\" border=\"0\" \/>\u00a0<span class=\"rose_titre\">Frais de port<\/span><br \/>\n8 euros en colissimo<\/p>\n<p><img decoding=\"async\" src=\"http:\/\/www.esprit-lumieres.com\/images\/picto\/etoile_rose.png\" alt=\"\" border=\"0\" \/>\u00a0<span class=\"rose_titre\">Moyens de paiement<\/span><br \/>\nCh\u00e8que, Paypal ou virement bancaire<\/p>\n","protected":false},"excerpt":{"rendered":"<p>Lampe \u00e0 poser th\u00e8me papier japonais syst\u00e8me \u00e9lectrique fourni \u00a0Dimensions 12 cm de diam\u00e8tre environ 25 cm de hauteur 15 cm de diam\u00e8tre environ 28 cm de hauteur D\u00e9clinable en abat-jour maxi 20 cm de diam\u00e8tre ou en applique \u00a0Frais de port 8 euros en colissimo \u00a0Moyens de paiement Ch\u00e8que, Paypal ou virement bancaire<\/p>\n","protected":false},"featured_media":2104,"comment_status":"open","ping_status":"closed","template":"","meta":[],"product_brand":[],"product_cat":[21],"product_tag":[],"class_list":{"0":"post-2103","1":"product","2":"type-product","3":"status-publish","4":"has-post-thumbnail","6":"product_cat-luminaires","8":"first","9":"instock","10":"shipping-taxable","11":"purchasable","12":"product-type-variable"},"_links":{"self":[{"href":"https:\/\/esprit-lumieres.com\/index.php\/wp-json\/wp\/v2\/product\/2103","targetHints":{"allow":["GET"]}}],"collection":[{"href":"https:\/\/esprit-lumieres.com\/index.php\/wp-json\/wp\/v2\/product"}],"about":[{"href":"https:\/\/esprit-lumieres.com\/index.php\/wp-json\/wp\/v2\/types\/product"}],"replies":[{"embeddable":true,"href":"https:\/\/esprit-lumieres.com\/index.php\/wp-json\/wp\/v2\/comments?post=2103"}],"wp:featuredmedia":[{"embeddable":true,"href":"https:\/\/esprit-lumieres.com\/index.php\/wp-json\/wp\/v2\/media\/2104"}],"wp:attachment":[{"href":"https:\/\/esprit-lumieres.com\/index.php\/wp-json\/wp\/v2\/media?parent=2103"}],"wp:term":[{"taxonomy":"product_brand","embeddable":true,"href":"https:\/\/esprit-lumieres.com\/index.php\/wp-json\/wp\/v2\/product_brand?post=2103"},{"taxonomy":"product_cat","embeddable":true,"href":"https:\/\/esprit-lumieres.com\/index.php\/wp-json\/wp\/v2\/product_cat?post=2103"},{"taxonomy":"product_tag","embeddable":true,"href":"https:\/\/esprit-lumieres.com\/index.php\/wp-json\/wp\/v2\/product_tag?post=2103"}],"curies":[{"name":"wp","href":"https:\/\/api.w.org\/{rel}","templated":true}]}}