{"id":1964,"date":"2019-10-09T19:31:21","date_gmt":"2019-10-09T17:31:21","guid":{"rendered":"http:\/\/xndevespju.cluster027.hosting.ovh.net\/?post_type=product&#038;p=1964"},"modified":"2020-09-20T19:51:19","modified_gmt":"2020-09-20T17:51:19","slug":"lampe-a-poser-saga-africa","status":"publish","type":"product","link":"https:\/\/esprit-lumieres.com\/index.php\/product\/lampe-a-poser-saga-africa\/","title":{"rendered":"Lampe \u00e0 poser \u00ab\u00a0th\u00e8me voyages\u00a0\u00bb (pays ou r\u00e9gion au choix)"},"content":{"rendered":"<p><img decoding=\"async\" src=\"http:\/\/www.esprit-lumieres.com\/images\/picto\/etoile_rose.png\" alt=\"\" border=\"0\" \/>\u00a0<span class=\"rose_titre\">Description<\/span><br \/>\nLampe \u00e0 poser th\u00e8me voyages<br \/>\nsyst\u00e8me \u00e9lectrique fourni<\/p>\n<p>d\u00e9clinable en applique demi lune ou abat-jour tambour (voir annonces)<\/p>\n<p><img decoding=\"async\" src=\"http:\/\/www.esprit-lumieres.com\/images\/picto\/etoile_rose.png\" alt=\"\" border=\"0\" \/>\u00a0<span class=\"rose_titre\">Dimensions<\/span><br \/>\nHauteur : environ 23 cm, diam\u00e8tre : 12 cm<\/p>\n<p><img decoding=\"async\" src=\"http:\/\/www.esprit-lumieres.com\/images\/picto\/etoile_rose.png\" alt=\"\" border=\"0\" \/>\u00a0<span class=\"rose_titre\">Frais de port<\/span><br \/>\n8 euros en colissimo<\/p>\n<p><img decoding=\"async\" src=\"http:\/\/www.esprit-lumieres.com\/images\/picto\/etoile_rose.png\" alt=\"\" border=\"0\" \/>\u00a0<span class=\"rose_titre\">Moyens de paiement<\/span><br \/>\nCh\u00e8que, Paypal ou virement bancaire<\/p>\n","protected":false},"excerpt":{"rendered":"<p>\u00a0Description Lampe \u00e0 poser th\u00e8me voyages syst\u00e8me \u00e9lectrique fourni d\u00e9clinable en applique demi lune ou abat-jour tambour (voir annonces) \u00a0Dimensions Hauteur : environ 23 cm, diam\u00e8tre : 12 cm \u00a0Frais de port 8 euros en colissimo \u00a0Moyens de paiement Ch\u00e8que, Paypal ou virement bancaire<\/p>\n","protected":false},"featured_media":1962,"comment_status":"open","ping_status":"closed","template":"","meta":[],"product_brand":[],"product_cat":[21],"product_tag":[],"class_list":{"0":"post-1964","1":"product","2":"type-product","3":"status-publish","4":"has-post-thumbnail","6":"product_cat-luminaires","8":"first","9":"instock","10":"shipping-taxable","11":"purchasable","12":"product-type-variable"},"_links":{"self":[{"href":"https:\/\/esprit-lumieres.com\/index.php\/wp-json\/wp\/v2\/product\/1964","targetHints":{"allow":["GET"]}}],"collection":[{"href":"https:\/\/esprit-lumieres.com\/index.php\/wp-json\/wp\/v2\/product"}],"about":[{"href":"https:\/\/esprit-lumieres.com\/index.php\/wp-json\/wp\/v2\/types\/product"}],"replies":[{"embeddable":true,"href":"https:\/\/esprit-lumieres.com\/index.php\/wp-json\/wp\/v2\/comments?post=1964"}],"wp:featuredmedia":[{"embeddable":true,"href":"https:\/\/esprit-lumieres.com\/index.php\/wp-json\/wp\/v2\/media\/1962"}],"wp:attachment":[{"href":"https:\/\/esprit-lumieres.com\/index.php\/wp-json\/wp\/v2\/media?parent=1964"}],"wp:term":[{"taxonomy":"product_brand","embeddable":true,"href":"https:\/\/esprit-lumieres.com\/index.php\/wp-json\/wp\/v2\/product_brand?post=1964"},{"taxonomy":"product_cat","embeddable":true,"href":"https:\/\/esprit-lumieres.com\/index.php\/wp-json\/wp\/v2\/product_cat?post=1964"},{"taxonomy":"product_tag","embeddable":true,"href":"https:\/\/esprit-lumieres.com\/index.php\/wp-json\/wp\/v2\/product_tag?post=1964"}],"curies":[{"name":"wp","href":"https:\/\/api.w.org\/{rel}","templated":true}]}}