{"id":1939,"date":"2019-10-09T18:46:00","date_gmt":"2019-10-09T16:46:00","guid":{"rendered":"http:\/\/xndevespju.cluster027.hosting.ovh.net\/?post_type=product&#038;p=1939"},"modified":"2024-11-08T09:24:37","modified_gmt":"2024-11-08T08:24:37","slug":"abat-jour-montagne-ski-luge","status":"publish","type":"product","link":"https:\/\/esprit-lumieres.com\/index.php\/product\/abat-jour-montagne-ski-luge\/","title":{"rendered":"abat-jour montagne ski luge"},"content":{"rendered":"<p><span class=\"rose_titre\">Description<\/span><br \/>\nAbat-jour tambour tissu\u00a0 Montagne ski luge, en 280 cm de laize<br \/>\ndiam\u00e8tre maxi : 50 cm<\/p>\n<p>plusieurs tailles possibles en abat-jour ou suspension<\/p>\n<p><img decoding=\"async\" src=\"http:\/\/www.esprit-lumieres.com\/images\/picto\/etoile_rose.png\" alt=\"\" border=\"0\" \/>\u00a0<span class=\"rose_titre\">Dimensions<br \/>\n<\/span><\/p>\n<p>diam\u00e8tre 20 cm : 56 euros<br \/>\ndiam\u00e8tre 25 cm : 64 euros<br \/>\ndiam\u00e8tre 30 cm : 72 euros<br \/>\ndiam\u00e8tre 35 cm : 82 euros<br \/>\ndiam\u00e8tre 40 cm : 92 euros (suspension ou abat-jour)<br \/>\ndiam\u00e8tre 45 cm : 100 euros (suspension ou abat-jour)<br \/>\ndiam\u00e8tre 50 cm : 112 euros (suspension ou abat-jour)<br \/>\ndiam\u00e8tre 60 cm : 125 euros (suspension) RETRAIT UNIQUEMENT A L&rsquo;ATELIER<\/p>\n<p>Pour les suspensions pr\u00e9voir 8 euros si besoin d\u2019un fil<\/p>\n<p><img decoding=\"async\" src=\"http:\/\/www.esprit-lumieres.com\/images\/picto\/etoile_rose.png\" alt=\"\" border=\"0\" \/>\u00a0<span class=\"rose_titre\">Frais de port<\/span><br \/>\n10 euros en colissimo pour les diam\u00e8tres de 20 \u00e0 30 cm, 13 euros en envoi chronopost avec livraison en relais pour les diam\u00e8tres de 35 \u00e0 50 cm<\/p>\n<p><img decoding=\"async\" src=\"http:\/\/www.esprit-lumieres.com\/images\/picto\/etoile_rose.png\" alt=\"\" border=\"0\" \/>\u00a0<span class=\"rose_titre\">Moyens de paiement<\/span><br \/>\nch\u00e8que, virement ou Paypal<\/p>\n","protected":false},"excerpt":{"rendered":"<p>Description Abat-jour tambour tissu\u00a0 Montagne ski luge, en 280 cm de laize diam\u00e8tre maxi : 50 cm plusieurs tailles possibles en abat-jour ou suspension \u00a0Dimensions diam\u00e8tre 20 cm : 56 euros diam\u00e8tre 25 cm : 64 euros diam\u00e8tre 30 cm : 72 euros diam\u00e8tre 35 cm : 82 euros diam\u00e8tre 40 cm : 92 euros [&hellip;]<\/p>\n","protected":false},"featured_media":1941,"comment_status":"open","ping_status":"closed","template":"","meta":[],"product_brand":[],"product_cat":[17,213,214],"product_tag":[],"class_list":{"0":"post-1939","1":"product","2":"type-product","3":"status-publish","4":"has-post-thumbnail","6":"product_cat-abat-jour","7":"product_cat-abat-jour_tambour","8":"product_cat-abat-jour_tambour_tissu","10":"first","11":"instock","12":"shipping-taxable","13":"purchasable","14":"product-type-variable"},"_links":{"self":[{"href":"https:\/\/esprit-lumieres.com\/index.php\/wp-json\/wp\/v2\/product\/1939","targetHints":{"allow":["GET"]}}],"collection":[{"href":"https:\/\/esprit-lumieres.com\/index.php\/wp-json\/wp\/v2\/product"}],"about":[{"href":"https:\/\/esprit-lumieres.com\/index.php\/wp-json\/wp\/v2\/types\/product"}],"replies":[{"embeddable":true,"href":"https:\/\/esprit-lumieres.com\/index.php\/wp-json\/wp\/v2\/comments?post=1939"}],"wp:featuredmedia":[{"embeddable":true,"href":"https:\/\/esprit-lumieres.com\/index.php\/wp-json\/wp\/v2\/media\/1941"}],"wp:attachment":[{"href":"https:\/\/esprit-lumieres.com\/index.php\/wp-json\/wp\/v2\/media?parent=1939"}],"wp:term":[{"taxonomy":"product_brand","embeddable":true,"href":"https:\/\/esprit-lumieres.com\/index.php\/wp-json\/wp\/v2\/product_brand?post=1939"},{"taxonomy":"product_cat","embeddable":true,"href":"https:\/\/esprit-lumieres.com\/index.php\/wp-json\/wp\/v2\/product_cat?post=1939"},{"taxonomy":"product_tag","embeddable":true,"href":"https:\/\/esprit-lumieres.com\/index.php\/wp-json\/wp\/v2\/product_tag?post=1939"}],"curies":[{"name":"wp","href":"https:\/\/api.w.org\/{rel}","templated":true}]}}