{"id":1906,"date":"2019-10-09T17:52:08","date_gmt":"2019-10-09T15:52:08","guid":{"rendered":"http:\/\/xndevespju.cluster027.hosting.ovh.net\/?post_type=product&#038;p=1906"},"modified":"2019-10-17T22:40:34","modified_gmt":"2019-10-17T20:40:34","slug":"tissu-brazil-coloris-blanc","status":"publish","type":"product","link":"https:\/\/esprit-lumieres.com\/index.php\/product\/tissu-brazil-coloris-blanc\/","title":{"rendered":"Tissu \u00ab\u00a0Brazil\u00a0\u00bb coloris blanc"},"content":{"rendered":"<p>Diam\u00e8tre maxi pour un abat-jour :\u00a0 50 cm par envoi postal<\/p>\n<p>pour un diam\u00e8tre 60 cm, pr\u00e9voir un enl\u00e8vement \u00e0 l&rsquo;atelier<\/p>\n<p>Tissu en 280 cm de largeur<\/p>\n<p>existe en fond blanc<\/p>\n","protected":false},"excerpt":{"rendered":"<p>Diam\u00e8tre maxi pour un abat-jour :\u00a0 50 cm par envoi postal pour un diam\u00e8tre 60 cm, pr\u00e9voir un enl\u00e8vement \u00e0 l&rsquo;atelier Tissu en 280 cm de largeur existe en fond blanc<\/p>\n","protected":false},"featured_media":1907,"comment_status":"open","ping_status":"closed","template":"","meta":[],"product_brand":[],"product_cat":[58,60],"product_tag":[],"class_list":{"0":"post-1906","1":"product","2":"type-product","3":"status-publish","4":"has-post-thumbnail","6":"product_cat-tissus","7":"product_cat-tissus-exotiques","9":"first","10":"instock","11":"shipping-taxable","12":"product-type-simple"},"_links":{"self":[{"href":"https:\/\/esprit-lumieres.com\/index.php\/wp-json\/wp\/v2\/product\/1906","targetHints":{"allow":["GET"]}}],"collection":[{"href":"https:\/\/esprit-lumieres.com\/index.php\/wp-json\/wp\/v2\/product"}],"about":[{"href":"https:\/\/esprit-lumieres.com\/index.php\/wp-json\/wp\/v2\/types\/product"}],"replies":[{"embeddable":true,"href":"https:\/\/esprit-lumieres.com\/index.php\/wp-json\/wp\/v2\/comments?post=1906"}],"wp:featuredmedia":[{"embeddable":true,"href":"https:\/\/esprit-lumieres.com\/index.php\/wp-json\/wp\/v2\/media\/1907"}],"wp:attachment":[{"href":"https:\/\/esprit-lumieres.com\/index.php\/wp-json\/wp\/v2\/media?parent=1906"}],"wp:term":[{"taxonomy":"product_brand","embeddable":true,"href":"https:\/\/esprit-lumieres.com\/index.php\/wp-json\/wp\/v2\/product_brand?post=1906"},{"taxonomy":"product_cat","embeddable":true,"href":"https:\/\/esprit-lumieres.com\/index.php\/wp-json\/wp\/v2\/product_cat?post=1906"},{"taxonomy":"product_tag","embeddable":true,"href":"https:\/\/esprit-lumieres.com\/index.php\/wp-json\/wp\/v2\/product_tag?post=1906"}],"curies":[{"name":"wp","href":"https:\/\/api.w.org\/{rel}","templated":true}]}}