{"id":1738,"date":"2019-08-22T17:58:11","date_gmt":"2019-08-22T15:58:11","guid":{"rendered":"http:\/\/xndevespju.cluster027.hosting.ovh.net\/?post_type=product&#038;p=1738"},"modified":"2020-10-23T10:24:29","modified_gmt":"2020-10-23T08:24:29","slug":"abat-jour-festonne-tissus-au-choix","status":"publish","type":"product","link":"https:\/\/esprit-lumieres.com\/index.php\/product\/abat-jour-festonne-tissus-au-choix\/","title":{"rendered":"Abat-jour festonn\u00e9 (tissus au choix)"},"content":{"rendered":"<p><img decoding=\"async\" src=\"http:\/\/www.esprit-lumieres.com\/images\/picto\/etoile_rose.png\" alt=\"\" border=\"0\" \/>\u00a0<span class=\"rose_titre\">Description<\/span><br \/>\nAbat-jour festonn\u00e9, syst\u00e8me \u00e0 pince (tissu au choix)<\/p>\n<p><img decoding=\"async\" src=\"http:\/\/www.esprit-lumieres.com\/images\/picto\/etoile_rose.png\" alt=\"\" border=\"0\" \/>\u00a0<span class=\"rose_titre\">Dimensions<\/span><br \/>\nDiam\u00e8tre du haut : 7 cm, diam\u00e8tre du bas : 11 cm, hauteur : 10 cm = 18 euros pi\u00e8ce<br \/>\nDiam\u00e8tre du haut : 7 cm, diam\u00e8tre du bas : \u00a015 cm, hauteur : 11 cm = 20 euros pi\u00e8ce<br \/>\nDiam\u00e8tre du haut : 7 cm, diam\u00e8tre du bas : 18,5 cm, hauteur : 12 cm : 22 euros pi\u00e8ce<\/p>\n<p>Pour les autres dimensions, prix sur demande<\/p>\n<p><img decoding=\"async\" src=\"http:\/\/www.esprit-lumieres.com\/images\/picto\/etoile_rose.png\" alt=\"\" border=\"0\" \/>\u00a0<span class=\"rose_titre\">Frais de port<\/span><br \/>\n8 euros en Colissimo (\u00e0 recalculer en fonction du nombre)<\/p>\n<p><img decoding=\"async\" src=\"http:\/\/www.esprit-lumieres.com\/images\/picto\/etoile_rose.png\" alt=\"\" border=\"0\" \/>\u00a0<span class=\"rose_titre\">Moyens de paiement<\/span><br \/>\nCh\u00e8que, Paypal ou virement<\/p>\n","protected":false},"excerpt":{"rendered":"<p>\u00a0Description Abat-jour festonn\u00e9, syst\u00e8me \u00e0 pince (tissu au choix) \u00a0Dimensions Diam\u00e8tre du haut : 7 cm, diam\u00e8tre du bas : 11 cm, hauteur : 10 cm = 18 euros pi\u00e8ce Diam\u00e8tre du haut : 7 cm, diam\u00e8tre du bas : \u00a015 cm, hauteur : 11 cm = 20 euros pi\u00e8ce Diam\u00e8tre du haut : 7 [&hellip;]<\/p>\n","protected":false},"featured_media":1742,"comment_status":"open","ping_status":"closed","template":"","meta":[],"product_brand":[],"product_cat":[17,216],"product_tag":[],"class_list":{"0":"post-1738","1":"product","2":"type-product","3":"status-publish","4":"has-post-thumbnail","6":"product_cat-abat-jour","7":"product_cat-abat-jour_conique","9":"first","10":"instock","11":"shipping-taxable","12":"purchasable","13":"product-type-variable"},"_links":{"self":[{"href":"https:\/\/esprit-lumieres.com\/index.php\/wp-json\/wp\/v2\/product\/1738","targetHints":{"allow":["GET"]}}],"collection":[{"href":"https:\/\/esprit-lumieres.com\/index.php\/wp-json\/wp\/v2\/product"}],"about":[{"href":"https:\/\/esprit-lumieres.com\/index.php\/wp-json\/wp\/v2\/types\/product"}],"replies":[{"embeddable":true,"href":"https:\/\/esprit-lumieres.com\/index.php\/wp-json\/wp\/v2\/comments?post=1738"}],"wp:featuredmedia":[{"embeddable":true,"href":"https:\/\/esprit-lumieres.com\/index.php\/wp-json\/wp\/v2\/media\/1742"}],"wp:attachment":[{"href":"https:\/\/esprit-lumieres.com\/index.php\/wp-json\/wp\/v2\/media?parent=1738"}],"wp:term":[{"taxonomy":"product_brand","embeddable":true,"href":"https:\/\/esprit-lumieres.com\/index.php\/wp-json\/wp\/v2\/product_brand?post=1738"},{"taxonomy":"product_cat","embeddable":true,"href":"https:\/\/esprit-lumieres.com\/index.php\/wp-json\/wp\/v2\/product_cat?post=1738"},{"taxonomy":"product_tag","embeddable":true,"href":"https:\/\/esprit-lumieres.com\/index.php\/wp-json\/wp\/v2\/product_tag?post=1738"}],"curies":[{"name":"wp","href":"https:\/\/api.w.org\/{rel}","templated":true}]}}