{"id":1559,"date":"2019-08-21T19:22:04","date_gmt":"2019-08-21T17:22:04","guid":{"rendered":"http:\/\/xndevespju.cluster027.hosting.ovh.net\/?post_type=product&#038;p=1559"},"modified":"2019-08-23T12:24:14","modified_gmt":"2019-08-23T10:24:14","slug":"applique-equerre-etiquettes-de-vin","status":"publish","type":"product","link":"https:\/\/esprit-lumieres.com\/index.php\/product\/applique-equerre-etiquettes-de-vin\/","title":{"rendered":"Applique \u00e9querre \u00e9tiquettes de vin"},"content":{"rendered":"<p><img decoding=\"async\" src=\"http:\/\/www.esprit-lumieres.com\/images\/picto\/etoile_rose.png\" alt=\"\" border=\"0\" \/>\u00a0<span class=\"rose_titre\">Description<\/span><span class=\"rose_titre\"><br \/>\n<\/span>Applique \u00e9querre abat-jour th\u00e8me \u00e9tiquettes de vin<\/p>\n<p>2 tailles possibles<\/p>\n<p><img decoding=\"async\" src=\"http:\/\/www.esprit-lumieres.com\/images\/picto\/etoile_rose.png\" alt=\"\" border=\"0\" \/>\u00a0<span class=\"rose_titre\">Dimensions<br \/>\n<\/span>Petit mod\u00e8le :<br \/>\ndimensions \u00e9querre : 18 cm, abat-jour 20 cm de diam\u00e8tre : 69 euros<\/p>\n<p>Grand mod\u00e8le : dimensions \u00e9querre : 28 cm, abat-jour 25 cm de diam\u00e8tre : 75 euros<\/p>\n<p><img decoding=\"async\" src=\"http:\/\/www.esprit-lumieres.com\/images\/picto\/etoile_rose.png\" alt=\"\" border=\"0\" \/>\u00a0<span class=\"rose_titre\">Frais de port<\/span><br \/>\n10 euros en Colissimo<\/p>\n<p><img decoding=\"async\" src=\"http:\/\/www.esprit-lumieres.com\/images\/picto\/etoile_rose.png\" alt=\"\" border=\"0\" \/>\u00a0<span class=\"rose_titre\">Moyens de paiement<\/span><br \/>\nch\u00e8que, virement ou Paypal<\/p>\n","protected":false},"excerpt":{"rendered":"<p>\u00a0Description Applique \u00e9querre abat-jour th\u00e8me \u00e9tiquettes de vin 2 tailles possibles \u00a0Dimensions Petit mod\u00e8le : dimensions \u00e9querre : 18 cm, abat-jour 20 cm de diam\u00e8tre : 69 euros Grand mod\u00e8le : dimensions \u00e9querre : 28 cm, abat-jour 25 cm de diam\u00e8tre : 75 euros \u00a0Frais de port 10 euros en Colissimo \u00a0Moyens de paiement ch\u00e8que, [&hellip;]<\/p>\n","protected":false},"featured_media":1560,"comment_status":"open","ping_status":"closed","template":"","meta":[],"product_brand":[],"product_cat":[18,21],"product_tag":[],"class_list":{"0":"post-1559","1":"product","2":"type-product","3":"status-publish","4":"has-post-thumbnail","6":"product_cat-appliques","7":"product_cat-luminaires","9":"first","10":"instock","11":"shipping-taxable","12":"purchasable","13":"product-type-variable"},"_links":{"self":[{"href":"https:\/\/esprit-lumieres.com\/index.php\/wp-json\/wp\/v2\/product\/1559","targetHints":{"allow":["GET"]}}],"collection":[{"href":"https:\/\/esprit-lumieres.com\/index.php\/wp-json\/wp\/v2\/product"}],"about":[{"href":"https:\/\/esprit-lumieres.com\/index.php\/wp-json\/wp\/v2\/types\/product"}],"replies":[{"embeddable":true,"href":"https:\/\/esprit-lumieres.com\/index.php\/wp-json\/wp\/v2\/comments?post=1559"}],"wp:featuredmedia":[{"embeddable":true,"href":"https:\/\/esprit-lumieres.com\/index.php\/wp-json\/wp\/v2\/media\/1560"}],"wp:attachment":[{"href":"https:\/\/esprit-lumieres.com\/index.php\/wp-json\/wp\/v2\/media?parent=1559"}],"wp:term":[{"taxonomy":"product_brand","embeddable":true,"href":"https:\/\/esprit-lumieres.com\/index.php\/wp-json\/wp\/v2\/product_brand?post=1559"},{"taxonomy":"product_cat","embeddable":true,"href":"https:\/\/esprit-lumieres.com\/index.php\/wp-json\/wp\/v2\/product_cat?post=1559"},{"taxonomy":"product_tag","embeddable":true,"href":"https:\/\/esprit-lumieres.com\/index.php\/wp-json\/wp\/v2\/product_tag?post=1559"}],"curies":[{"name":"wp","href":"https:\/\/api.w.org\/{rel}","templated":true}]}}