{"id":1489,"date":"2019-08-21T14:29:46","date_gmt":"2019-08-21T12:29:46","guid":{"rendered":"http:\/\/xndevespju.cluster027.hosting.ovh.net\/?post_type=product&#038;p=1489"},"modified":"2024-08-08T13:30:50","modified_gmt":"2024-08-08T11:30:50","slug":"applique-demi-lune-oiseau","status":"publish","type":"product","link":"https:\/\/esprit-lumieres.com\/index.php\/product\/applique-demi-lune-oiseau\/","title":{"rendered":"Applique demi-lune oiseau"},"content":{"rendered":"<p><img decoding=\"async\" src=\"http:\/\/www.esprit-lumieres.com\/images\/picto\/etoile_rose.png\" alt=\"\" border=\"0\" \/>\u00a0<span class=\"rose_titre\">Description<\/span><br \/>\nApplique demi lune avec oiseaux de votre choix<br \/>\nEnti\u00e8rement personnalisable<\/p>\n<p><img decoding=\"async\" src=\"http:\/\/www.esprit-lumieres.com\/images\/picto\/etoile_rose.png\" alt=\"\" border=\"0\" \/>\u00a0<span class=\"rose_titre\">Dimensions<br \/>\n<\/span>20 cm sur 20 cm : 48 euros pi\u00e8ce<br \/>\n25 cm sur 25 cm : 54 euros pi\u00e8ce<br \/>\n30 cm sur 20 cm : 54 euros pi\u00e8ce<\/p>\n<p><img decoding=\"async\" src=\"http:\/\/www.esprit-lumieres.com\/images\/picto\/etoile_rose.png\" alt=\"\" border=\"0\" \/>\u00a0<span class=\"rose_titre\">Frais de port<\/span><br \/>\n9 euros en colissimo<\/p>\n<p><img decoding=\"async\" src=\"http:\/\/www.esprit-lumieres.com\/images\/picto\/etoile_rose.png\" alt=\"\" border=\"0\" \/>\u00a0<span class=\"rose_titre\">Moyens de paiement<\/span><br \/>\nch\u00e8que, virement ou Paypal<\/p>\n","protected":false},"excerpt":{"rendered":"<p>\u00a0Description Applique demi lune avec oiseaux de votre choix Enti\u00e8rement personnalisable \u00a0Dimensions 20 cm sur 20 cm : 48 euros pi\u00e8ce 25 cm sur 25 cm : 54 euros pi\u00e8ce 30 cm sur 20 cm : 54 euros pi\u00e8ce \u00a0Frais de port 9 euros en colissimo \u00a0Moyens de paiement ch\u00e8que, virement ou Paypal<\/p>\n","protected":false},"featured_media":1490,"comment_status":"open","ping_status":"closed","template":"","meta":[],"product_brand":[],"product_cat":[18,212],"product_tag":[],"class_list":{"0":"post-1489","1":"product","2":"type-product","3":"status-publish","4":"has-post-thumbnail","6":"product_cat-appliques","7":"product_cat-appliques_demi-lune","9":"first","10":"instock","11":"shipping-taxable","12":"purchasable","13":"product-type-variable"},"_links":{"self":[{"href":"https:\/\/esprit-lumieres.com\/index.php\/wp-json\/wp\/v2\/product\/1489","targetHints":{"allow":["GET"]}}],"collection":[{"href":"https:\/\/esprit-lumieres.com\/index.php\/wp-json\/wp\/v2\/product"}],"about":[{"href":"https:\/\/esprit-lumieres.com\/index.php\/wp-json\/wp\/v2\/types\/product"}],"replies":[{"embeddable":true,"href":"https:\/\/esprit-lumieres.com\/index.php\/wp-json\/wp\/v2\/comments?post=1489"}],"wp:featuredmedia":[{"embeddable":true,"href":"https:\/\/esprit-lumieres.com\/index.php\/wp-json\/wp\/v2\/media\/1490"}],"wp:attachment":[{"href":"https:\/\/esprit-lumieres.com\/index.php\/wp-json\/wp\/v2\/media?parent=1489"}],"wp:term":[{"taxonomy":"product_brand","embeddable":true,"href":"https:\/\/esprit-lumieres.com\/index.php\/wp-json\/wp\/v2\/product_brand?post=1489"},{"taxonomy":"product_cat","embeddable":true,"href":"https:\/\/esprit-lumieres.com\/index.php\/wp-json\/wp\/v2\/product_cat?post=1489"},{"taxonomy":"product_tag","embeddable":true,"href":"https:\/\/esprit-lumieres.com\/index.php\/wp-json\/wp\/v2\/product_tag?post=1489"}],"curies":[{"name":"wp","href":"https:\/\/api.w.org\/{rel}","templated":true}]}}