{"id":1112,"date":"2019-08-10T17:53:24","date_gmt":"2019-08-10T15:53:24","guid":{"rendered":"http:\/\/xndevespju.cluster027.hosting.ovh.net\/?post_type=product&#038;p=1112"},"modified":"2019-08-10T17:53:24","modified_gmt":"2019-08-10T15:53:24","slug":"papier-epais-theme-bateaux","status":"publish","type":"product","link":"https:\/\/esprit-lumieres.com\/index.php\/product\/papier-epais-theme-bateaux\/","title":{"rendered":"Papier \u00e9pais th\u00e8me bateaux"},"content":{"rendered":"<p>Compositions possibles<\/p>\n<p>appliques demi lune (20 cm x 20 cm, 25 cm x 25 cm, 30 cm x 20 cm)<\/p>\n<p>Lampes \u00e0 poser en 12 cm et en 15 cm de diam\u00e8tre<\/p>\n<p>Abat-jour, diam\u00e8tre maxi : 20 cm<\/p>\n","protected":false},"excerpt":{"rendered":"<p>Compositions possibles appliques demi lune (20 cm x 20 cm, 25 cm x 25 cm, 30 cm x 20 cm) Lampes \u00e0 poser en 12 cm et en 15 cm de diam\u00e8tre Abat-jour, diam\u00e8tre maxi : 20 cm<\/p>\n","protected":false},"featured_media":1113,"comment_status":"open","ping_status":"closed","template":"","meta":[],"product_brand":[],"product_cat":[58],"product_tag":[],"class_list":{"0":"post-1112","1":"product","2":"type-product","3":"status-publish","4":"has-post-thumbnail","6":"product_cat-tissus","8":"first","9":"instock","10":"shipping-taxable","11":"product-type-simple"},"_links":{"self":[{"href":"https:\/\/esprit-lumieres.com\/index.php\/wp-json\/wp\/v2\/product\/1112","targetHints":{"allow":["GET"]}}],"collection":[{"href":"https:\/\/esprit-lumieres.com\/index.php\/wp-json\/wp\/v2\/product"}],"about":[{"href":"https:\/\/esprit-lumieres.com\/index.php\/wp-json\/wp\/v2\/types\/product"}],"replies":[{"embeddable":true,"href":"https:\/\/esprit-lumieres.com\/index.php\/wp-json\/wp\/v2\/comments?post=1112"}],"wp:featuredmedia":[{"embeddable":true,"href":"https:\/\/esprit-lumieres.com\/index.php\/wp-json\/wp\/v2\/media\/1113"}],"wp:attachment":[{"href":"https:\/\/esprit-lumieres.com\/index.php\/wp-json\/wp\/v2\/media?parent=1112"}],"wp:term":[{"taxonomy":"product_brand","embeddable":true,"href":"https:\/\/esprit-lumieres.com\/index.php\/wp-json\/wp\/v2\/product_brand?post=1112"},{"taxonomy":"product_cat","embeddable":true,"href":"https:\/\/esprit-lumieres.com\/index.php\/wp-json\/wp\/v2\/product_cat?post=1112"},{"taxonomy":"product_tag","embeddable":true,"href":"https:\/\/esprit-lumieres.com\/index.php\/wp-json\/wp\/v2\/product_tag?post=1112"}],"curies":[{"name":"wp","href":"https:\/\/api.w.org\/{rel}","templated":true}]}}