{"id":9240,"date":"2025-06-16T14:26:38","date_gmt":"2025-06-16T12:26:38","guid":{"rendered":"https:\/\/esprit-lumieres.com\/?page_id=9240"},"modified":"2025-06-16T14:26:40","modified_gmt":"2025-06-16T12:26:40","slug":"mention-legale","status":"publish","type":"page","link":"https:\/\/esprit-lumieres.com\/index.php\/mention-legale\/","title":{"rendered":"Mention L\u00e9gale"},"content":{"rendered":"<p>Conform\u00e9ment aux dispositions des articles 6-III et 19 de la Loi n\u00b02004-575 du 21 juin 2004 pour la Confiance dans l\u2019\u00c9conomie Num\u00e9rique (LCEN), il est pr\u00e9cis\u00e9 aux utilisateurs du site l\u2019identit\u00e9 des diff\u00e9rents intervenants dans le cadre de sa r\u00e9alisation et de son suivi.<\/p><h3 class=\"wp-block-heading\"><strong>\u00c9diteur du site<\/strong><\/h3><p><strong>Nom commercial :<\/strong> L\u2019esprit des Lumi\u00e8res<\/p><p><strong>Forme juridique :<\/strong> Affaire personnelle commer\u00e7ant<\/p><p><strong>SIREN :<\/strong> 510 021 397<\/p><p><strong>SIRET :<\/strong> 510 021 397 00029<\/p><p><strong>Num\u00e9ro de TVA intracommunautaire :<\/strong> FR74510021397<\/p><p><strong>Code APE (NAF) :<\/strong> 4778C \u2013 Autres commerces de d\u00e9tail sp\u00e9cialis\u00e9s divers<\/p><p><strong>Activit\u00e9 principale :<\/strong> Vente par internet d\u2019objets de d\u00e9coration, luminaires, bois ou autres<\/p><p><strong>Statut RCS :<\/strong> Inscrite au Registre du Commerce et des Soci\u00e9t\u00e9s de Bobigny<\/p><p><strong>Date de cr\u00e9ation :<\/strong> 25 juin 2018<\/p><p><strong>Tribunal comp\u00e9tent :<\/strong> Greffe du Tribunal de Commerce de Bobigny<\/p><p><strong>Adresse du si\u00e8ge social :<\/strong> Non communiqu\u00e9e<\/p><p><strong>Contact :<\/strong> contact@esprit-lumieres.com<\/p><h3 class=\"wp-block-heading\"><strong>H\u00e9bergeur<\/strong><\/h3><p><strong>OVH SAS<\/strong><\/p><p>Soci\u00e9t\u00e9 par actions simplifi\u00e9e au capital de 10 174 560 \u20ac<\/p><p>RCS Lille M\u00e9tropole 424 761 419 00045<\/p><p>Code APE : 2620Z<\/p><p>TVA : FR 22 424 761 419<\/p><p>Si\u00e8ge social : 2 rue Kellermann \u2013 59100 Roubaix \u2013 France<\/p><p>Site : <a href=\"https:\/\/www.ovhcloud.com\">www.ovhcloud.com<\/a><\/p><p>T\u00e9l\u00e9phone : 1007<\/p><h3 class=\"wp-block-heading\"><strong>Propri\u00e9t\u00e9 intellectuelle<\/strong><\/h3><p>Tous les contenus pr\u00e9sents sur le site (textes, images, illustrations, logos, fichiers, base de donn\u00e9es, structure) sont la propri\u00e9t\u00e9 exclusive de <strong>L\u2019esprit des Lumi\u00e8res<\/strong>, sauf mention contraire. Toute reproduction, repr\u00e9sentation, diffusion ou exploitation, m\u00eame partielle, sans autorisation \u00e9crite pr\u00e9alable est strictement interdite.<\/p><h3 class=\"wp-block-heading\"><strong>Donn\u00e9es personnelles<\/strong><\/h3><p>Les donn\u00e9es collect\u00e9es via le site sont trait\u00e9es conform\u00e9ment au R\u00e8glement G\u00e9n\u00e9ral sur la Protection des Donn\u00e9es (RGPD). L\u2019utilisateur dispose d\u2019un droit d\u2019acc\u00e8s, de rectification, de suppression et d\u2019opposition qu\u2019il peut exercer en \u00e9crivant \u00e0 :<\/p><p><strong>contact@esprit-lumieres.com<\/strong><\/p>","protected":false},"excerpt":{"rendered":"<p>Conform\u00e9ment aux dispositions des articles 6-III et 19 de la Loi n\u00b02004-575 du 21 juin 2004 pour la Confiance dans l\u2019\u00c9conomie Num\u00e9rique (LCEN), il est pr\u00e9cis\u00e9 aux utilisateurs du site l\u2019identit\u00e9 des diff\u00e9rents intervenants dans le cadre de sa r\u00e9alisation et de son suivi. \u00c9diteur du site Nom commercial : L\u2019esprit des Lumi\u00e8res Forme juridique [&hellip;]<\/p>\n","protected":false},"author":2,"featured_media":0,"parent":0,"menu_order":0,"comment_status":"closed","ping_status":"closed","template":"","meta":{"footnotes":""},"class_list":["post-9240","page","type-page","status-publish","hentry"],"_links":{"self":[{"href":"https:\/\/esprit-lumieres.com\/index.php\/wp-json\/wp\/v2\/pages\/9240","targetHints":{"allow":["GET"]}}],"collection":[{"href":"https:\/\/esprit-lumieres.com\/index.php\/wp-json\/wp\/v2\/pages"}],"about":[{"href":"https:\/\/esprit-lumieres.com\/index.php\/wp-json\/wp\/v2\/types\/page"}],"author":[{"embeddable":true,"href":"https:\/\/esprit-lumieres.com\/index.php\/wp-json\/wp\/v2\/users\/2"}],"replies":[{"embeddable":true,"href":"https:\/\/esprit-lumieres.com\/index.php\/wp-json\/wp\/v2\/comments?post=9240"}],"version-history":[{"count":1,"href":"https:\/\/esprit-lumieres.com\/index.php\/wp-json\/wp\/v2\/pages\/9240\/revisions"}],"predecessor-version":[{"id":9241,"href":"https:\/\/esprit-lumieres.com\/index.php\/wp-json\/wp\/v2\/pages\/9240\/revisions\/9241"}],"wp:attachment":[{"href":"https:\/\/esprit-lumieres.com\/index.php\/wp-json\/wp\/v2\/media?parent=9240"}],"curies":[{"name":"wp","href":"https:\/\/api.w.org\/{rel}","templated":true}]}}